{"id":946,"date":"2025-03-05T12:47:35","date_gmt":"2025-03-05T12:47:35","guid":{"rendered":"https:\/\/www.ogaebelgium.be\/?page_id=946"},"modified":"2026-02-24T16:04:28","modified_gmt":"2026-02-24T16:04:28","slug":"devenir-membre","status":"publish","type":"page","link":"https:\/\/www.ogaebelgium.be\/fr\/devenir-membre\/","title":{"rendered":"Devenir membre"},"content":{"rendered":"\t\t<div data-elementor-type=\"wp-page\" data-elementor-id=\"946\" class=\"elementor elementor-946 elementor-41\" data-elementor-post-type=\"page\">\n\t\t\t\t<div class=\"elementor-element elementor-element-42cacd9e e-flex e-con-boxed e-con e-parent\" data-id=\"42cacd9e\" data-element_type=\"container\" data-e-type=\"container\" data-settings=\"{&quot;background_background&quot;:&quot;classic&quot;}\">\n\t\t\t\t\t<div class=\"e-con-inner\">\n\t\t\t\t<div class=\"elementor-element elementor-element-1c5beb7d elementor-widget elementor-widget-heading\" data-id=\"1c5beb7d\" data-element_type=\"widget\" data-e-type=\"widget\" data-widget_type=\"heading.default\">\n\t\t\t\t<div class=\"elementor-widget-container\">\n\t\t\t\t\t<h1 class=\"elementor-heading-title elementor-size-default\">Devenir membre<\/h1>\t\t\t\t<\/div>\n\t\t\t\t<\/div>\n\t\t\t\t\t<\/div>\n\t\t\t\t<\/div>\n\t\t<div class=\"elementor-element elementor-element-429890f e-flex e-con-boxed e-con e-parent\" data-id=\"429890f\" data-element_type=\"container\" data-e-type=\"container\">\n\t\t\t\t\t<div class=\"e-con-inner\">\n\t\t\t\t<div class=\"elementor-element elementor-element-f739dbd elementor-widget elementor-widget-html\" data-id=\"f739dbd\" data-element_type=\"widget\" data-e-type=\"widget\" data-widget_type=\"html.default\">\n\t\t\t\t<div class=\"elementor-widget-container\">\n\t\t\t\t\t<style>\n    .cf7-success-message {\n    text-align: center;\n    font-size: 2rem;\n    color: #2b9e2b;\n    margin-top: 2rem;\n    animation: fadeIn 0.8s ease-out forwards;\n}\n\n@keyframes fadeIn {\n    from { opacity: 0; transform: translateY(10px); }\n    to { opacity: 1; transform: translateY(0); }\n}\n<\/style>\t\t\t\t<\/div>\n\t\t\t\t<\/div>\n\t\t\t\t<div class=\"elementor-element elementor-element-8b9798a elementor-widget elementor-widget-text-editor\" data-id=\"8b9798a\" data-element_type=\"widget\" data-e-type=\"widget\" data-widget_type=\"text-editor.default\">\n\t\t\t\t<div class=\"elementor-widget-container\">\n\t\t\t\t\t\t\t\t\t<p>Rejoignez OGAE Belgium et vivez pleinement l&rsquo;Eurovision. Participez \u00e0 des \u00e9v\u00e9nements amusants avec les autres membres, profitez de la possibilit\u00e9 d&rsquo;acheter des billets et bien plus encore. Inscrivez-vous d\u00e8s maintenant !<\/p>\t\t\t\t\t\t\t\t<\/div>\n\t\t\t\t<\/div>\n\t\t\t\t<div class=\"elementor-element elementor-element-ed4ef0c elementor-widget elementor-widget-html\" data-id=\"ed4ef0c\" data-element_type=\"widget\" data-e-type=\"widget\" data-widget_type=\"html.default\">\n\t\t\t\t<div class=\"elementor-widget-container\">\n\t\t\t\t\t<div class=\"cf7-wrapper\">\n    \n<div class=\"wpcf7 no-js\" id=\"wpcf7-f945-o1\" lang=\"en-US\" dir=\"ltr\" data-wpcf7-id=\"945\">\n<div class=\"screen-reader-response\"><p role=\"status\" aria-live=\"polite\" aria-atomic=\"true\"><\/p> <ul><\/ul><\/div>\n<form action=\"\/fr\/wp-json\/wp\/v2\/pages\/946#wpcf7-f945-o1\" method=\"post\" class=\"wpcf7-form init\" aria-label=\"Contact form\" novalidate=\"novalidate\" data-status=\"init\">\n<fieldset class=\"hidden-fields-container\"><input type=\"hidden\" name=\"_wpcf7\" value=\"945\" \/><input type=\"hidden\" name=\"_wpcf7_version\" value=\"6.1.5\" \/><input type=\"hidden\" name=\"_wpcf7_locale\" value=\"en_US\" \/><input type=\"hidden\" name=\"_wpcf7_unit_tag\" value=\"wpcf7-f945-o1\" \/><input type=\"hidden\" name=\"_wpcf7_container_post\" value=\"0\" \/><input type=\"hidden\" name=\"_wpcf7_posted_data_hash\" value=\"\" \/><input type=\"hidden\" name=\"_wpcf7_recaptcha_response\" value=\"\" \/>\n<\/fieldset>\n<p><label>Pr\u00e9nom *<br \/>\n<span class=\"wpcf7-form-control-wrap\" data-name=\"firstname\"><input size=\"40\" maxlength=\"400\" class=\"wpcf7-form-control wpcf7-text wpcf7-validates-as-required\" autocomplete=\"firstname\" aria-required=\"true\" aria-invalid=\"false\" value=\"\" type=\"text\" name=\"firstname\" \/><\/span> <\/label>\n<\/p>\n<p><label>Nom *<br \/>\n<span class=\"wpcf7-form-control-wrap\" data-name=\"lastname\"><input size=\"40\" maxlength=\"400\" class=\"wpcf7-form-control wpcf7-text wpcf7-validates-as-required\" autocomplete=\"lastname\" aria-required=\"true\" aria-invalid=\"false\" value=\"\" type=\"text\" name=\"lastname\" \/><\/span> <\/label>\n<\/p>\n<p><label>Nationalit\u00e9*<br \/>\n<span class=\"wpcf7-form-control-wrap\" data-name=\"nationnalite\"><input size=\"40\" maxlength=\"400\" class=\"wpcf7-form-control wpcf7-text wpcf7-validates-as-required\" aria-required=\"true\" aria-invalid=\"false\" value=\"\" type=\"text\" name=\"nationnalite\" \/><\/span> <\/label>\n<\/p>\n<p><label>Date de naissance *<br \/>\n<span class=\"wpcf7-form-control-wrap\" data-name=\"naissance\"><input class=\"wpcf7-form-control wpcf7-date wpcf7-validates-as-required wpcf7-validates-as-date\" aria-required=\"true\" aria-invalid=\"false\" value=\"\" type=\"date\" name=\"naissance\" \/><\/span> <\/label>\n<\/p>\n<p><label> Sexe *<br \/>\n<span class=\"wpcf7-form-control-wrap\" data-name=\"Sexe\"><select class=\"wpcf7-form-control wpcf7-select wpcf7-validates-as-required\" aria-required=\"true\" aria-invalid=\"false\" name=\"Sexe\"><option value=\"Homme\">Homme<\/option><option value=\"Femme\">Femme<\/option><option value=\"X\">X<\/option><\/select><\/span><\/label>\n<\/p>\n<p><label>Rue et num\u00e9ro de maison*<br \/>\n<span class=\"wpcf7-form-control-wrap\" data-name=\"address\"><input size=\"40\" maxlength=\"400\" class=\"wpcf7-form-control wpcf7-text wpcf7-validates-as-required\" autocomplete=\"street\" aria-required=\"true\" aria-invalid=\"false\" value=\"\" type=\"text\" name=\"address\" \/><\/span> <\/label>\n<\/p>\n<p><label>Code postal *<br \/>\n<span class=\"wpcf7-form-control-wrap\" data-name=\"cp\"><input size=\"40\" maxlength=\"400\" class=\"wpcf7-form-control wpcf7-text wpcf7-validates-as-required\" autocomplete=\"zipcode\" aria-required=\"true\" aria-invalid=\"false\" value=\"\" type=\"text\" name=\"cp\" \/><\/span> <\/label>\n<\/p>\n<p><label>Ville *<br \/>\n<span class=\"wpcf7-form-control-wrap\" data-name=\"city\"><input size=\"40\" maxlength=\"400\" class=\"wpcf7-form-control wpcf7-text wpcf7-validates-as-required\" autocomplete=\"city\" aria-required=\"true\" aria-invalid=\"false\" value=\"\" type=\"text\" name=\"city\" \/><\/span> <\/label>\n<\/p>\n<p><label>Pays *<br \/>\n<span class=\"wpcf7-form-control-wrap\" data-name=\"country\"><input size=\"40\" maxlength=\"400\" class=\"wpcf7-form-control wpcf7-text wpcf7-validates-as-required\" autocomplete=\"country\" aria-required=\"true\" aria-invalid=\"false\" value=\"\" type=\"text\" name=\"country\" \/><\/span> <\/label>\n<\/p>\n<p><label>Email *<br \/>\n<span class=\"wpcf7-form-control-wrap\" data-name=\"email\"><input size=\"40\" maxlength=\"400\" class=\"wpcf7-form-control wpcf7-email wpcf7-validates-as-required wpcf7-text wpcf7-validates-as-email\" autocomplete=\"email\" aria-required=\"true\" aria-invalid=\"false\" value=\"\" type=\"email\" name=\"email\" \/><\/span> <\/label>\n<\/p>\n<p><label>Num\u00e9ro de GSM *<br \/>\n<span class=\"wpcf7-form-control-wrap\" data-name=\"tel\"><input size=\"40\" maxlength=\"400\" class=\"wpcf7-form-control wpcf7-tel wpcf7-validates-as-required wpcf7-text wpcf7-validates-as-tel\" autocomplete=\"phone\" aria-required=\"true\" aria-invalid=\"false\" placeholder=\"+32 123 45 67 89\" value=\"\" type=\"tel\" name=\"tel\" \/><\/span> <\/label>\n<\/p>\n<p><label>J'ai connu OGAE Belgium via*<br \/>\n<span class=\"wpcf7-form-control-wrap\" data-name=\"connu-par\"><select class=\"wpcf7-form-control wpcf7-select wpcf7-validates-as-required\" aria-required=\"true\" aria-invalid=\"false\" name=\"connu-par\"><option value=\"Instagram\">Instagram<\/option><option value=\"Facebook\">Facebook<\/option><option value=\"Website\">Website<\/option><option value=\"Un membre\">Un membre<\/option><option value=\"Autre\">Autre<\/option><\/select><\/span><\/label>\n<\/p>\n<p><label>Je suis devenu membre via (remplir le nom de la personne)<br \/>\n<span class=\"wpcf7-form-control-wrap\" data-name=\"parrainage\"><input size=\"40\" maxlength=\"400\" class=\"wpcf7-form-control wpcf7-text\" aria-invalid=\"false\" value=\"\" type=\"text\" name=\"parrainage\" \/><\/span> <\/label>\n<\/p>\n<p><label>L'OGAE Belgique est-elle mon club principal ? Si non, s\u00e9lectionnez votre club *.<br \/>\n<span class=\"wpcf7-form-control-wrap\" data-name=\"ogae-club-principal\"><select class=\"wpcf7-form-control wpcf7-select wpcf7-validates-as-required\" aria-required=\"true\" aria-invalid=\"false\" name=\"ogae-club-principal\"><option value=\"Oui, l&#039;OGAE Belgique est mon club principal\">Oui, l&#039;OGAE Belgique est mon club principal<\/option><option value=\"OGAE Albanie\">OGAE Albanie<\/option><option value=\"OGAE Andorre\">OGAE Andorre<\/option><option value=\"OGAE Arm\u00e9nie\">OGAE Arm\u00e9nie<\/option><option value=\"OGAE Australie\">OGAE Australie<\/option><option value=\"OGAE Azerba\u00efdjan\">OGAE Azerba\u00efdjan<\/option><option value=\"OGAE Bulgarie\">OGAE Bulgarie<\/option><option value=\"OGAE Chypre\">OGAE Chypre<\/option><option value=\"OGAE Danemark\">OGAE Danemark<\/option><option value=\"OGAE Allemagne\">OGAE Allemagne<\/option><option value=\"CE Allemagne\">CE Allemagne<\/option><option value=\"OGAE Estonie\">OGAE Estonie<\/option><option value=\"OGAE Finlande\">OGAE Finlande<\/option><option value=\"OGAE France\">OGAE France<\/option><option value=\"OGAE Gr\u00e8ce\">OGAE Gr\u00e8ce<\/option><option value=\"OGAE Hongrie\">OGAE Hongrie<\/option><option value=\"OGAE Irlande\">OGAE Irlande<\/option><option value=\"OGAE Islande\">OGAE Islande<\/option><option value=\"OGAE Isra\u00ebl\">OGAE Isra\u00ebl<\/option><option value=\"OGAE Italie\">OGAE Italie<\/option><option value=\"OGAE Croatie\">OGAE Croatie<\/option><option value=\"OGAE Lettonie\">OGAE Lettonie<\/option><option value=\"OGAE Lituanie\">OGAE Lituanie<\/option><option value=\"OGAE Luxembourg\">OGAE Luxembourg<\/option><option value=\"OGAE Malte\">OGAE Malte<\/option><option value=\"OGAE Pays-Bas\">OGAE Pays-Bas<\/option><option value=\"OGAE Mac\u00e9doine du Nord\">OGAE Mac\u00e9doine du Nord<\/option><option value=\"OGAE Norv\u00e8ge\">OGAE Norv\u00e8ge<\/option><option value=\"OGAE Ukraine\">OGAE Ukraine<\/option><option value=\"OGAE Autriche\">OGAE Autriche<\/option><option value=\"OGAE Pologne\">OGAE Pologne<\/option><option value=\"OGAE Portugal\">OGAE Portugal<\/option><option value=\"OGAE Reste du monde\">OGAE Reste du monde<\/option><option value=\"OGAE Roumanie\">OGAE Roumanie<\/option><option value=\"OGAE Serbie\">OGAE Serbie<\/option><option value=\"OGAE Slov\u00e9nie\">OGAE Slov\u00e9nie<\/option><option value=\"OGAE Espagne\">OGAE Espagne<\/option><option value=\"OGAE R\u00e9publique tch\u00e8que\">OGAE R\u00e9publique tch\u00e8que<\/option><option value=\"OGAE Turquie\">OGAE Turquie<\/option><option value=\"OGAE Royaume-Uni\">OGAE Royaume-Uni<\/option><option value=\"OGAE Su\u00e8de\">OGAE Su\u00e8de<\/option><option value=\"OGAE Suisse\">OGAE Suisse<\/option><\/select><\/span><\/label>\n<\/p>\n<p><label> Droits \u00e0 l'image, veuillez choisir une option<br \/>\n<span class=\"wpcf7-form-control-wrap\" data-name=\"droit-image\"><select class=\"wpcf7-form-control wpcf7-select\" aria-invalid=\"false\" name=\"droit-image\"><option value=\"J&#039;accepte qu&#039;OGAE Belgium puisse utiliser mon image dans le cadre de ses publications.\">J&#039;accepte qu&#039;OGAE Belgium puisse utiliser mon image dans le cadre de ses publications.<\/option><option value=\"Je refuse que l&#039;OGAE Belgium utilise mon image\">Je refuse que l&#039;OGAE Belgium utilise mon image<\/option><\/select><\/span><\/label>\n<\/p>\n<p>Lors de ses activit\u00e9s, OGAE Belgium peut \u00eatre amen\u00e9 \u00e0 prendre des photographies et\/ou \u00e0 r\u00e9aliser des vid\u00e9os pour publication sur le site Internet d'OGAE Belgium et\/ou ses r\u00e9seaux sociaux.<br \/>\n<span class=\"wpcf7-form-control-wrap\" data-name=\"auto-ogae-save-data\"><span class=\"wpcf7-form-control wpcf7-checkbox\"><span class=\"wpcf7-list-item first last\"><label><input type=\"checkbox\" name=\"auto-ogae-save-data[]\" value=\"J&#039;autorise l&#039;OGAE Belgium \u00e0 enregistrer mes donn\u00e9es.\" \/><span class=\"wpcf7-list-item-label\">J&#039;autorise l&#039;OGAE Belgium \u00e0 enregistrer mes donn\u00e9es.<\/span><\/label><\/span><\/span><\/span>\n<\/p>\n<p><span class=\"wpcf7-form-control-wrap\" data-name=\"gdpr\"><span class=\"wpcf7-form-control wpcf7-acceptance\"><span class=\"wpcf7-list-item\"><label><input type=\"checkbox\" name=\"gdpr\" value=\"1\" aria-invalid=\"false\" \/><span class=\"wpcf7-list-item-label\">J'accepte la <a href=\"https:\/\/www.ogaebelgium.be\/fr\/politique-de-confidentialite\/\" target=\"_blank\" rel=\"noopener\">politique de confidentialit\u00e9<\/a><\/span><\/label><\/span><\/span><\/span>\n<\/p>\n<p>* champs obligatoires<br \/>\n<input class=\"wpcf7-form-control wpcf7-submit has-spinner\" type=\"submit\" value=\"Soumettre\" \/>\n<\/p><div class=\"wpcf7-response-output\" aria-hidden=\"true\"><\/div>\n<\/form>\n<\/div>\n\n<\/div>\n\n<div class=\"cf7-success-message\" style=\"display: none;\">\n    <h2>\ud83c\udf89 Merci pour votre message. Nous vous contacterons d\u00e8s que possible. <\/h2>\n<\/div>\t\t\t\t<\/div>\n\t\t\t\t<\/div>\n\t\t\t\t<div class=\"elementor-element elementor-element-d8f7c11 elementor-widget elementor-widget-html\" data-id=\"d8f7c11\" data-element_type=\"widget\" data-e-type=\"widget\" data-widget_type=\"html.default\">\n\t\t\t\t<div class=\"elementor-widget-container\">\n\t\t\t\t\t<script>\n    document.addEventListener('wpcf7mailsent', function(event) {\n    \/\/ V\u00e9rifie si c'est bien le bon formulaire (facultatif)\n    const formWrapper = event.target.closest('.cf7-wrapper');\n    const successMessage = document.querySelector('.cf7-success-message');\n\n    if (formWrapper && successMessage) {\n        formWrapper.style.display = 'none';\n        successMessage.style.display = 'block';\n    }\n}, false);\n<\/script>\t\t\t\t<\/div>\n\t\t\t\t<\/div>\n\t\t\t\t\t<\/div>\n\t\t\t\t<\/div>\n\t\t\t\t<\/div>\n\t\t","protected":false},"excerpt":{"rendered":"<p>Rejoignez OGAE Belgium et vivez pleinement l&rsquo;Eurovision. Participez \u00e0 des \u00e9v\u00e9nements amusants avec les autres membres, profitez de la possibilit\u00e9 [&hellip;]<\/p>\n","protected":false},"author":2,"featured_media":0,"parent":0,"menu_order":0,"comment_status":"closed","ping_status":"closed","template":"","meta":{"_acf_changed":false,"_seopress_robots_primary_cat":"","_seopress_titles_title":"Rejoignez OGAE Belgium. Rejoignez la famille Eurovision !","_seopress_titles_desc":"Devenez membre d'OGAE Belgium et vivez l'Eurovision pleinement : \u00e9v\u00e9nements exclusifs, billets pour les fans et plus encore. Inscrivez-vous d\u00e8s maintenant.","_seopress_robots_index":"","site-sidebar-layout":"no-sidebar","site-content-layout":"","ast-site-content-layout":"full-width-container","site-content-style":"default","site-sidebar-style":"default","ast-global-header-display":"","ast-banner-title-visibility":"","ast-main-header-display":"","ast-hfb-above-header-display":"","ast-hfb-below-header-display":"","ast-hfb-mobile-header-display":"","site-post-title":"disabled","ast-breadcrumbs-content":"","ast-featured-img":"disabled","footer-sml-layout":"","ast-disable-related-posts":"","theme-transparent-header-meta":"","adv-header-id-meta":"","stick-header-meta":"","header-above-stick-meta":"","header-main-stick-meta":"","header-below-stick-meta":"","astra-migrate-meta-layouts":"default","ast-page-background-enabled":"default","ast-page-background-meta":{"desktop":{"background-color":"var(--ast-global-color-5)","background-image":"","background-repeat":"repeat","background-position":"center center","background-size":"auto","background-attachment":"scroll","background-type":"","background-media":"","overlay-type":"","overlay-color":"","overlay-opacity":"","overlay-gradient":""},"tablet":{"background-color":"","background-image":"","background-repeat":"repeat","background-position":"center center","background-size":"auto","background-attachment":"scroll","background-type":"","background-media":"","overlay-type":"","overlay-color":"","overlay-opacity":"","overlay-gradient":""},"mobile":{"background-color":"","background-image":"","background-repeat":"repeat","background-position":"center center","background-size":"auto","background-attachment":"scroll","background-type":"","background-media":"","overlay-type":"","overlay-color":"","overlay-opacity":"","overlay-gradient":""}},"ast-content-background-meta":{"desktop":{"background-color":"var(--ast-global-color-4)","background-image":"","background-repeat":"repeat","background-position":"center center","background-size":"auto","background-attachment":"scroll","background-type":"","background-media":"","overlay-type":"","overlay-color":"","overlay-opacity":"","overlay-gradient":""},"tablet":{"background-color":"var(--ast-global-color-4)","background-image":"","background-repeat":"repeat","background-position":"center center","background-size":"auto","background-attachment":"scroll","background-type":"","background-media":"","overlay-type":"","overlay-color":"","overlay-opacity":"","overlay-gradient":""},"mobile":{"background-color":"var(--ast-global-color-4)","background-image":"","background-repeat":"repeat","background-position":"center center","background-size":"auto","background-attachment":"scroll","background-type":"","background-media":"","overlay-type":"","overlay-color":"","overlay-opacity":"","overlay-gradient":""}},"footnotes":""},"class_list":["post-946","page","type-page","status-publish","hentry"],"acf":[],"_links":{"self":[{"href":"https:\/\/www.ogaebelgium.be\/fr\/wp-json\/wp\/v2\/pages\/946","targetHints":{"allow":["GET"]}}],"collection":[{"href":"https:\/\/www.ogaebelgium.be\/fr\/wp-json\/wp\/v2\/pages"}],"about":[{"href":"https:\/\/www.ogaebelgium.be\/fr\/wp-json\/wp\/v2\/types\/page"}],"author":[{"embeddable":true,"href":"https:\/\/www.ogaebelgium.be\/fr\/wp-json\/wp\/v2\/users\/2"}],"replies":[{"embeddable":true,"href":"https:\/\/www.ogaebelgium.be\/fr\/wp-json\/wp\/v2\/comments?post=946"}],"version-history":[{"count":16,"href":"https:\/\/www.ogaebelgium.be\/fr\/wp-json\/wp\/v2\/pages\/946\/revisions"}],"predecessor-version":[{"id":3564,"href":"https:\/\/www.ogaebelgium.be\/fr\/wp-json\/wp\/v2\/pages\/946\/revisions\/3564"}],"wp:attachment":[{"href":"https:\/\/www.ogaebelgium.be\/fr\/wp-json\/wp\/v2\/media?parent=946"}],"curies":[{"name":"wp","href":"https:\/\/api.w.org\/{rel}","templated":true}]}}