{"id":924,"date":"2025-03-05T10:39:59","date_gmt":"2025-03-05T10:39:59","guid":{"rendered":"https:\/\/www.ogaebelgium.be\/?page_id=924"},"modified":"2025-05-06T12:15:03","modified_gmt":"2025-05-06T12:15:03","slug":"politique-de-confidentialite","status":"publish","type":"page","link":"https:\/\/www.ogaebelgium.be\/fr\/politique-de-confidentialite\/","title":{"rendered":"Politique de confidentialit\u00e9"},"content":{"rendered":"\n<p>\u00c0 partir du 25 mai 2018, le r\u00e8glement g\u00e9n\u00e9ral sur la protection des donn\u00e9es (r\u00e8glement UE 2016\/679), \u00e9galement connu sous le nom de RGPD, s&rsquo;appliquera. En Belgique, l&rsquo;autorit\u00e9 de protection des donn\u00e9es.be applique la nouvelle loi sur la protection de la vie priv\u00e9e. \u00c9tant donn\u00e9 qu&rsquo;OGAE Belgium traite et stocke des donn\u00e9es \u00e0 caract\u00e8re personnel, les r\u00e8gles du RGPD s&rsquo;appliquent.\u00a0\u00a0<\/p>\n\n\n\n<p><strong>Donn\u00e9es personnelles&nbsp;<\/strong>&nbsp;<\/p>\n\n\n\n<p>OGAE Belgium est une ASBL qui g\u00e8re les donn\u00e9es personnelles des donateurs aux fins suivantes :&nbsp;&nbsp;<\/p>\n\n\n\n<p>1. Tenir \u00e0 jour les dossiers des membres.&nbsp;&nbsp;<\/p>\n\n\n\n<p>2. Recouvrement des cotisations.&nbsp;<\/p>\n\n\n\n<p>3. Enregistrement de l&rsquo;adh\u00e9sion des membres&nbsp;\u00e0 OGAE international et utilisation de l&rsquo;application Cardskipper.&nbsp;&nbsp;<\/p>\n\n\n\n<p>4. Envoi de messages pour approcher les membres ou les informer d&rsquo;activit\u00e9s pertinentes pour les membres, qu&rsquo;elles soient ou non organis\u00e9es par OGAE Belgium.&nbsp;<\/p>\n\n\n\n<p>5. Distribution annuelle de tickets pour le concours Eurovision de la chanson.&nbsp;&nbsp;<\/p>\n\n\n\n<p>Les donn\u00e9es personnelles sont les suivantes : nom et pr\u00e9nom, adresse, code postal, lieu de r\u00e9sidence, num\u00e9ro de t\u00e9l\u00e9phone, adresse \u00e9lectronique, nationalit\u00e9, date de naissance, sexe. Le tr\u00e9sorier ajoute la date de d\u00e9but de l\u2019adh\u00e9sion. Les donn\u00e9es personnelles particuli\u00e8res au sens de la loi sur la protection des donn\u00e9es (par exemple la religion ou la sant\u00e9) ne sont pas enregistr\u00e9es.&nbsp;&nbsp;<\/p>\n\n\n\n<p><strong>Traitement et utilisation&nbsp;<\/strong>&nbsp;&nbsp;<\/p>\n\n\n\n<p>OGAE Belgium stocke les donn\u00e9es dans un fichier Excel. Les donn\u00e9es collect\u00e9es sont prot\u00e9g\u00e9es et ne sont donc accessibles qu&rsquo;au pr\u00e9sident (ainsi qu&rsquo;\u00e0 notre tr\u00e9sorier en tant que rempla\u00e7ant). Les autres documents sont accessibles aux membres du conseil d&rsquo;administration qui ne peuvent les utiliser qu&rsquo;aux fins 1, 3, 4 et 5 mentionn\u00e9es ci-dessus. Les documents sont supprim\u00e9s deux ans apr\u00e8s la derni\u00e8re mise \u00e0 jour.&nbsp;&nbsp;<\/p>\n\n\n\n<p>Les archives sont conserv\u00e9es dans un fichier informatique g\u00e9r\u00e9 par deux membres d\u00e9sign\u00e9s du conseil sous la responsabilit\u00e9 du conseil de gestion. Le pr\u00e9sident conserve une copie de sauvegarde des donn\u00e9es sur un support externe. Le tr\u00e9sorier et un membre autoris\u00e9 de l&rsquo;association ont acc\u00e8s aux fichiers informatiques. Le pr\u00e9sident assure une s\u00e9curit\u00e9 ad\u00e9quate des fichiers.&nbsp;&nbsp;<\/p>\n\n\n\n<p>En principe, la liste des membres&nbsp;n&rsquo;existe pas autrement que sous la forme num\u00e9rique mentionn\u00e9e ci-dessus. Les donn\u00e9es personnelles ne sont pas non plus communiqu\u00e9es aux membres&nbsp;entre eux.&nbsp;&nbsp;&nbsp;<\/p>\n\n\n\n<p>Les donn\u00e9es personnelles sont toutefois transmises par OGAE Belgium \u00e0 OGAE International. Ces donn\u00e9es y sont utilis\u00e9es exclusivement comme enregistrement pour l&rsquo;utilisation de Cardskipper et pour l&rsquo;adh\u00e9sion \u00e0 OGAE International. Les membres&nbsp;d\u2019OGAE Belgium donnent leur consentement explicite \u00e0 OGAE Belgium pour la transmission de leurs donn\u00e9es personnelles \u00e0 OGAE International. OGAE Belgium conserve ce consentement dans un fichier Excel.&nbsp;&nbsp;<\/p>\n\n\n\n<p>Aucune partie externe n&rsquo;a acc\u00e8s aux donn\u00e9es personnelles et\/ou \u00e0 qui ces donn\u00e9es sont partag\u00e9es, sauf si la loi l&rsquo;exige.&nbsp;&nbsp;<\/p>\n","protected":false},"excerpt":{"rendered":"<p>\u00c0 partir du 25 mai 2018, le r\u00e8glement g\u00e9n\u00e9ral sur la protection des donn\u00e9es (r\u00e8glement UE 2016\/679), \u00e9galement connu sous [&hellip;]<\/p>\n","protected":false},"author":2,"featured_media":0,"parent":0,"menu_order":0,"comment_status":"closed","ping_status":"closed","template":"","meta":{"_acf_changed":false,"_seopress_robots_primary_cat":"","_seopress_titles_title":"Politique de confidentialit\u00e9 \u2013 OGAE Belgium","_seopress_titles_desc":"Lisez la politique de confidentialit\u00e9 d'OGAE Belgium et d\u00e9couvrez comment nous prot\u00e9geons vos donn\u00e9es. Votre vie priv\u00e9e est essentielle pour nous.","_seopress_robots_index":"","site-sidebar-layout":"default","site-content-layout":"","ast-site-content-layout":"default","site-content-style":"default","site-sidebar-style":"default","ast-global-header-display":"","ast-banner-title-visibility":"","ast-main-header-display":"","ast-hfb-above-header-display":"","ast-hfb-below-header-display":"","ast-hfb-mobile-header-display":"","site-post-title":"","ast-breadcrumbs-content":"","ast-featured-img":"","footer-sml-layout":"","ast-disable-related-posts":"","theme-transparent-header-meta":"","adv-header-id-meta":"","stick-header-meta":"","header-above-stick-meta":"","header-main-stick-meta":"","header-below-stick-meta":"","astra-migrate-meta-layouts":"default","ast-page-background-enabled":"default","ast-page-background-meta":{"desktop":{"background-color":"var(--ast-global-color-5)","background-image":"","background-repeat":"repeat","background-position":"center center","background-size":"auto","background-attachment":"scroll","background-type":"","background-media":"","overlay-type":"","overlay-color":"","overlay-opacity":"","overlay-gradient":""},"tablet":{"background-color":"","background-image":"","background-repeat":"repeat","background-position":"center center","background-size":"auto","background-attachment":"scroll","background-type":"","background-media":"","overlay-type":"","overlay-color":"","overlay-opacity":"","overlay-gradient":""},"mobile":{"background-color":"","background-image":"","background-repeat":"repeat","background-position":"center center","background-size":"auto","background-attachment":"scroll","background-type":"","background-media":"","overlay-type":"","overlay-color":"","overlay-opacity":"","overlay-gradient":""}},"ast-content-background-meta":{"desktop":{"background-color":"var(--ast-global-color-4)","background-image":"","background-repeat":"repeat","background-position":"center center","background-size":"auto","background-attachment":"scroll","background-type":"","background-media":"","overlay-type":"","overlay-color":"","overlay-opacity":"","overlay-gradient":""},"tablet":{"background-color":"var(--ast-global-color-4)","background-image":"","background-repeat":"repeat","background-position":"center center","background-size":"auto","background-attachment":"scroll","background-type":"","background-media":"","overlay-type":"","overlay-color":"","overlay-opacity":"","overlay-gradient":""},"mobile":{"background-color":"var(--ast-global-color-4)","background-image":"","background-repeat":"repeat","background-position":"center center","background-size":"auto","background-attachment":"scroll","background-type":"","background-media":"","overlay-type":"","overlay-color":"","overlay-opacity":"","overlay-gradient":""}},"footnotes":""},"class_list":["post-924","page","type-page","status-publish","hentry"],"acf":[],"_links":{"self":[{"href":"https:\/\/www.ogaebelgium.be\/fr\/wp-json\/wp\/v2\/pages\/924","targetHints":{"allow":["GET"]}}],"collection":[{"href":"https:\/\/www.ogaebelgium.be\/fr\/wp-json\/wp\/v2\/pages"}],"about":[{"href":"https:\/\/www.ogaebelgium.be\/fr\/wp-json\/wp\/v2\/types\/page"}],"author":[{"embeddable":true,"href":"https:\/\/www.ogaebelgium.be\/fr\/wp-json\/wp\/v2\/users\/2"}],"replies":[{"embeddable":true,"href":"https:\/\/www.ogaebelgium.be\/fr\/wp-json\/wp\/v2\/comments?post=924"}],"version-history":[{"count":1,"href":"https:\/\/www.ogaebelgium.be\/fr\/wp-json\/wp\/v2\/pages\/924\/revisions"}],"predecessor-version":[{"id":925,"href":"https:\/\/www.ogaebelgium.be\/fr\/wp-json\/wp\/v2\/pages\/924\/revisions\/925"}],"wp:attachment":[{"href":"https:\/\/www.ogaebelgium.be\/fr\/wp-json\/wp\/v2\/media?parent=924"}],"curies":[{"name":"wp","href":"https:\/\/api.w.org\/{rel}","templated":true}]}}