{"id":845,"date":"2025-03-13T08:28:39","date_gmt":"2025-03-13T08:28:39","guid":{"rendered":"https:\/\/www.ogaebelgium.be\/?page_id=845"},"modified":"2025-05-05T18:35:38","modified_gmt":"2025-05-05T18:35:38","slug":"notre-equipe","status":"publish","type":"page","link":"https:\/\/www.ogaebelgium.be\/fr\/a-propos\/notre-equipe\/","title":{"rendered":"Notre \u00e9quipe"},"content":{"rendered":"\t\t<div data-elementor-type=\"wp-page\" data-elementor-id=\"845\" class=\"elementor elementor-845 elementor-473\" data-elementor-post-type=\"page\">\n\t\t\t\t<div class=\"elementor-element elementor-element-349fd2f1 e-flex e-con-boxed e-con e-parent\" data-id=\"349fd2f1\" data-element_type=\"container\" data-e-type=\"container\" data-settings=\"{&quot;background_background&quot;:&quot;classic&quot;}\">\n\t\t\t\t\t<div class=\"e-con-inner\">\n\t\t\t\t<div class=\"elementor-element elementor-element-59baa571 elementor-widget elementor-widget-heading\" data-id=\"59baa571\" data-element_type=\"widget\" data-e-type=\"widget\" data-widget_type=\"heading.default\">\n\t\t\t\t<div class=\"elementor-widget-container\">\n\t\t\t\t\t<h1 class=\"elementor-heading-title elementor-size-default\">Notre \u00e9quipe<\/h1>\t\t\t\t<\/div>\n\t\t\t\t<\/div>\n\t\t\t\t\t<\/div>\n\t\t\t\t<\/div>\n\t\t<div class=\"elementor-element elementor-element-e356f67 e-flex e-con-boxed e-con e-parent\" data-id=\"e356f67\" data-element_type=\"container\" data-e-type=\"container\">\n\t\t\t\t\t<div class=\"e-con-inner\">\n\t\t<div class=\"elementor-element elementor-element-9b69fc3 e-con-full e-flex e-con e-child\" data-id=\"9b69fc3\" data-element_type=\"container\" data-e-type=\"container\">\n\t\t\t\t<div class=\"elementor-element elementor-element-c636b35 elementor-widget elementor-widget-text-editor\" data-id=\"c636b35\" data-element_type=\"widget\" data-e-type=\"widget\" data-widget_type=\"text-editor.default\">\n\t\t\t\t<div class=\"elementor-widget-container\">\n\t\t\t\t\t\t\t\t\t<p>En janvier 2019, OGAE Belgium (Organisation G\u00e9n\u00e9rale des Amateurs de l&rsquo;Eurovision) est devenue une association sans but lucratif et Stephan Monsieur est devenu le pr\u00e9sident du club.<\/p><p>Avec le Bureau de gestion quotidienne, compos\u00e9 de Bjorn Maes, Thybault Mastelinck, Sofie Vandereycken et Didier Mathieu-Dabois, il travaille b\u00e9n\u00e9volement pour faire vivre le club et fournir aux amateurs du Concours de la Chanson le plus d&rsquo;informations possible sur tout ce qui concerne les activit\u00e9s d\u2019OGAE et du Concours Eurovision de la Chanson.<\/p>\t\t\t\t\t\t\t\t<\/div>\n\t\t\t\t<\/div>\n\t\t\t\t<\/div>\n\t\t<div class=\"elementor-element elementor-element-0e67e3b e-con-full e-flex e-con e-child\" data-id=\"0e67e3b\" data-element_type=\"container\" data-e-type=\"container\">\n\t\t\t\t<div class=\"elementor-element elementor-element-efe1252 elementor-widget elementor-widget-image\" data-id=\"efe1252\" data-element_type=\"widget\" data-e-type=\"widget\" data-widget_type=\"image.default\">\n\t\t\t\t<div class=\"elementor-widget-container\">\n\t\t\t\t\t\t\t\t\t\t\t\t\t\t\t<img fetchpriority=\"high\" decoding=\"async\" width=\"1024\" height=\"768\" src=\"https:\/\/www.ogaebelgium.be\/wp-content\/uploads\/2025\/03\/IMG-20240508-WA0004-1024x768.jpg\" class=\"attachment-large size-large wp-image-476\" alt=\"een groep mensen die poseren voor een foto in een kamer\" srcset=\"https:\/\/www.ogaebelgium.be\/wp-content\/uploads\/2025\/03\/IMG-20240508-WA0004-1024x768.jpg 1024w, https:\/\/www.ogaebelgium.be\/wp-content\/uploads\/2025\/03\/IMG-20240508-WA0004-300x225.jpg 300w, https:\/\/www.ogaebelgium.be\/wp-content\/uploads\/2025\/03\/IMG-20240508-WA0004-768x576.jpg 768w, https:\/\/www.ogaebelgium.be\/wp-content\/uploads\/2025\/03\/IMG-20240508-WA0004-1536x1152.jpg 1536w, https:\/\/www.ogaebelgium.be\/wp-content\/uploads\/2025\/03\/IMG-20240508-WA0004.jpg 1600w\" sizes=\"(max-width: 1024px) 100vw, 1024px\" \/>\t\t\t\t\t\t\t\t\t\t\t\t\t\t\t<\/div>\n\t\t\t\t<\/div>\n\t\t\t\t<\/div>\n\t\t\t\t\t<\/div>\n\t\t\t\t<\/div>\n\t\t<div class=\"elementor-element elementor-element-27d43f9 e-flex e-con-boxed e-con e-parent\" data-id=\"27d43f9\" data-element_type=\"container\" data-e-type=\"container\">\n\t\t\t\t\t<div class=\"e-con-inner\">\n\t\t\t\t<div class=\"elementor-element elementor-element-532081a elementor-grid-3 elementor-grid-tablet-2 elementor-grid-mobile-1 elementor-widget elementor-widget-loop-grid\" data-id=\"532081a\" data-element_type=\"widget\" data-e-type=\"widget\" data-settings=\"{&quot;template_id&quot;:499,&quot;_skin&quot;:&quot;post&quot;,&quot;columns&quot;:&quot;3&quot;,&quot;columns_tablet&quot;:&quot;2&quot;,&quot;columns_mobile&quot;:&quot;1&quot;,&quot;edit_handle_selector&quot;:&quot;[data-elementor-type=\\&quot;loop-item\\&quot;]&quot;,&quot;row_gap&quot;:{&quot;unit&quot;:&quot;px&quot;,&quot;size&quot;:&quot;&quot;,&quot;sizes&quot;:[]},&quot;row_gap_tablet&quot;:{&quot;unit&quot;:&quot;px&quot;,&quot;size&quot;:&quot;&quot;,&quot;sizes&quot;:[]},&quot;row_gap_mobile&quot;:{&quot;unit&quot;:&quot;px&quot;,&quot;size&quot;:&quot;&quot;,&quot;sizes&quot;:[]}}\" data-widget_type=\"loop-grid.post\">\n\t\t\t\t<div class=\"elementor-widget-container\">\n\t\t\t\t\t\t\t<div class=\"elementor-loop-container elementor-grid\" role=\"list\">\n\t\t<style id=\"loop-499\">.elementor-499 .elementor-element.elementor-element-63c64a7{--display:flex;--flex-direction:column;--container-widget-width:100%;--container-widget-height:initial;--container-widget-flex-grow:0;--container-widget-align-self:initial;--flex-wrap-mobile:wrap;--overflow:hidden;--margin-top:0px;--margin-bottom:0px;--margin-left:0px;--margin-right:0px;--padding-top:0px;--padding-bottom:0px;--padding-left:0px;--padding-right:0px;}.elementor-499 .elementor-element.elementor-element-a240ea0{--display:flex;--overflow:hidden;--margin-top:0px;--margin-bottom:0px;--margin-left:0px;--margin-right:0px;--padding-top:0px;--padding-bottom:0px;--padding-left:0px;--padding-right:0px;}.elementor-499 .elementor-element.elementor-element-ba136f5 img{width:100%;height:400px;object-fit:cover;object-position:center center;transition-duration:5s;}.elementor-499 .elementor-element.elementor-element-d38528e{--display:flex;}.elementor-499 .elementor-element.elementor-element-4aab909{text-align:center;}.elementor-499 .elementor-element.elementor-element-4aab909 .elementor-heading-title{font-family:\"Roboto\", Sans-serif;font-size:18px;font-weight:400;color:var( --e-global-color-astglobalcolor2 );}.elementor-499 .elementor-element.elementor-element-4aab909 .elementor-heading-title a:hover, .elementor-499 .elementor-element.elementor-element-4aab909 .elementor-heading-title a:focus{color:var( --e-global-color-astglobalcolor0 );}<\/style>\t\t<div data-elementor-type=\"loop-item\" data-elementor-id=\"499\" class=\"elementor elementor-499 e-loop-item e-loop-item-852 post-852 team type-team status-publish has-post-thumbnail hentry\" data-elementor-post-type=\"elementor_library\" data-custom-edit-handle=\"1\">\n\t\t\t<div class=\"elementor-element elementor-element-63c64a7 e-flex e-con-boxed e-con e-parent\" data-id=\"63c64a7\" data-element_type=\"container\" data-e-type=\"container\">\n\t\t\t\t\t<div class=\"e-con-inner\">\n\t\t<div class=\"elementor-element elementor-element-a240ea0 e-con-full e-flex e-con e-child\" data-id=\"a240ea0\" data-element_type=\"container\" data-e-type=\"container\">\n\t\t\t\t<div class=\"elementor-element elementor-element-ba136f5 elementor-widget elementor-widget-theme-post-featured-image elementor-widget-image\" data-id=\"ba136f5\" data-element_type=\"widget\" data-e-type=\"widget\" data-widget_type=\"theme-post-featured-image.default\">\n\t\t\t\t<div class=\"elementor-widget-container\">\n\t\t\t\t\t\t\t\t\t\t\t\t\t\t\t\t<a href=\"https:\/\/www.ogaebelgium.be\/fr\/team\/stephan\/\">\n\t\t\t\t\t\t\t<img decoding=\"async\" width=\"1024\" height=\"1017\" src=\"https:\/\/www.ogaebelgium.be\/wp-content\/uploads\/2025\/03\/Stephane-square-1024x1017.jpg\" class=\"elementor-animation-grow attachment-large size-large wp-image-518\" alt=\"Stephane-square\" srcset=\"https:\/\/www.ogaebelgium.be\/wp-content\/uploads\/2025\/03\/Stephane-square-1024x1017.jpg 1024w, https:\/\/www.ogaebelgium.be\/wp-content\/uploads\/2025\/03\/Stephane-square-300x298.jpg 300w, https:\/\/www.ogaebelgium.be\/wp-content\/uploads\/2025\/03\/Stephane-square-150x150.jpg 150w, https:\/\/www.ogaebelgium.be\/wp-content\/uploads\/2025\/03\/Stephane-square-768x763.jpg 768w, https:\/\/www.ogaebelgium.be\/wp-content\/uploads\/2025\/03\/Stephane-square.jpg 1080w\" sizes=\"(max-width: 1024px) 100vw, 1024px\" \/>\t\t\t\t\t\t\t\t<\/a>\n\t\t\t\t\t\t\t\t\t\t\t\t\t\t\t<\/div>\n\t\t\t\t<\/div>\n\t\t\t\t<\/div>\n\t\t<div class=\"elementor-element elementor-element-d38528e e-con-full e-flex e-con e-child\" data-id=\"d38528e\" data-element_type=\"container\" data-e-type=\"container\">\n\t\t\t\t<div class=\"elementor-element elementor-element-4aab909 elementor-widget elementor-widget-theme-post-title elementor-page-title elementor-widget-heading\" data-id=\"4aab909\" data-element_type=\"widget\" data-e-type=\"widget\" data-widget_type=\"theme-post-title.default\">\n\t\t\t\t<div class=\"elementor-widget-container\">\n\t\t\t\t\t<h3 class=\"elementor-heading-title elementor-size-default\"><a href=\"https:\/\/www.ogaebelgium.be\/fr\/team\/stephan\/\">Stephan<\/a><\/h3>\t\t\t\t<\/div>\n\t\t\t\t<\/div>\n\t\t\t\t<\/div>\n\t\t\t\t\t<\/div>\n\t\t\t\t<\/div>\n\t\t\t\t<\/div>\n\t\t\t\t<div data-elementor-type=\"loop-item\" data-elementor-id=\"499\" class=\"elementor elementor-499 e-loop-item e-loop-item-853 post-853 team type-team status-publish has-post-thumbnail hentry\" data-elementor-post-type=\"elementor_library\" data-custom-edit-handle=\"1\">\n\t\t\t<div class=\"elementor-element elementor-element-63c64a7 e-flex e-con-boxed e-con e-parent\" data-id=\"63c64a7\" data-element_type=\"container\" data-e-type=\"container\">\n\t\t\t\t\t<div class=\"e-con-inner\">\n\t\t<div class=\"elementor-element elementor-element-a240ea0 e-con-full e-flex e-con e-child\" data-id=\"a240ea0\" data-element_type=\"container\" data-e-type=\"container\">\n\t\t\t\t<div class=\"elementor-element elementor-element-ba136f5 elementor-widget elementor-widget-theme-post-featured-image elementor-widget-image\" data-id=\"ba136f5\" data-element_type=\"widget\" data-e-type=\"widget\" data-widget_type=\"theme-post-featured-image.default\">\n\t\t\t\t<div class=\"elementor-widget-container\">\n\t\t\t\t\t\t\t\t\t\t\t\t\t\t\t\t<a href=\"https:\/\/www.ogaebelgium.be\/fr\/team\/bjorn\/\">\n\t\t\t\t\t\t\t<img decoding=\"async\" width=\"529\" height=\"550\" src=\"https:\/\/www.ogaebelgium.be\/wp-content\/uploads\/2025\/03\/Bjorn-square.jpeg\" class=\"elementor-animation-grow attachment-large size-large wp-image-512\" alt=\"foto of bjorn\" srcset=\"https:\/\/www.ogaebelgium.be\/wp-content\/uploads\/2025\/03\/Bjorn-square.jpeg 529w, https:\/\/www.ogaebelgium.be\/wp-content\/uploads\/2025\/03\/Bjorn-square-289x300.jpeg 289w\" sizes=\"(max-width: 529px) 100vw, 529px\" \/>\t\t\t\t\t\t\t\t<\/a>\n\t\t\t\t\t\t\t\t\t\t\t\t\t\t\t<\/div>\n\t\t\t\t<\/div>\n\t\t\t\t<\/div>\n\t\t<div class=\"elementor-element elementor-element-d38528e e-con-full e-flex e-con e-child\" data-id=\"d38528e\" data-element_type=\"container\" data-e-type=\"container\">\n\t\t\t\t<div class=\"elementor-element elementor-element-4aab909 elementor-widget elementor-widget-theme-post-title elementor-page-title elementor-widget-heading\" data-id=\"4aab909\" data-element_type=\"widget\" data-e-type=\"widget\" data-widget_type=\"theme-post-title.default\">\n\t\t\t\t<div class=\"elementor-widget-container\">\n\t\t\t\t\t<h3 class=\"elementor-heading-title elementor-size-default\"><a href=\"https:\/\/www.ogaebelgium.be\/fr\/team\/bjorn\/\">Bjorn<\/a><\/h3>\t\t\t\t<\/div>\n\t\t\t\t<\/div>\n\t\t\t\t<\/div>\n\t\t\t\t\t<\/div>\n\t\t\t\t<\/div>\n\t\t\t\t<\/div>\n\t\t\t\t<div data-elementor-type=\"loop-item\" data-elementor-id=\"499\" class=\"elementor elementor-499 e-loop-item e-loop-item-576 post-576 team type-team status-publish has-post-thumbnail hentry\" data-elementor-post-type=\"elementor_library\" data-custom-edit-handle=\"1\">\n\t\t\t<div class=\"elementor-element elementor-element-63c64a7 e-flex e-con-boxed e-con e-parent\" data-id=\"63c64a7\" data-element_type=\"container\" data-e-type=\"container\">\n\t\t\t\t\t<div class=\"e-con-inner\">\n\t\t<div class=\"elementor-element elementor-element-a240ea0 e-con-full e-flex e-con e-child\" data-id=\"a240ea0\" data-element_type=\"container\" data-e-type=\"container\">\n\t\t\t\t<div class=\"elementor-element elementor-element-ba136f5 elementor-widget elementor-widget-theme-post-featured-image elementor-widget-image\" data-id=\"ba136f5\" data-element_type=\"widget\" data-e-type=\"widget\" data-widget_type=\"theme-post-featured-image.default\">\n\t\t\t\t<div class=\"elementor-widget-container\">\n\t\t\t\t\t\t\t\t\t\t\t\t\t\t\t\t<a href=\"https:\/\/www.ogaebelgium.be\/fr\/team\/sofie\/\">\n\t\t\t\t\t\t\t<img loading=\"lazy\" decoding=\"async\" width=\"1024\" height=\"1024\" src=\"https:\/\/www.ogaebelgium.be\/wp-content\/uploads\/2025\/03\/Sofie-square-1024x1024.jpg\" class=\"elementor-animation-grow attachment-large size-large wp-image-516\" alt=\"foto of Sofie\" srcset=\"https:\/\/www.ogaebelgium.be\/wp-content\/uploads\/2025\/03\/Sofie-square-1024x1024.jpg 1024w, https:\/\/www.ogaebelgium.be\/wp-content\/uploads\/2025\/03\/Sofie-square-300x300.jpg 300w, https:\/\/www.ogaebelgium.be\/wp-content\/uploads\/2025\/03\/Sofie-square-150x150.jpg 150w, https:\/\/www.ogaebelgium.be\/wp-content\/uploads\/2025\/03\/Sofie-square-768x768.jpg 768w, https:\/\/www.ogaebelgium.be\/wp-content\/uploads\/2025\/03\/Sofie-square-1536x1536.jpg 1536w, https:\/\/www.ogaebelgium.be\/wp-content\/uploads\/2025\/03\/Sofie-square-2048x2048.jpg 2048w\" sizes=\"(max-width: 1024px) 100vw, 1024px\" \/>\t\t\t\t\t\t\t\t<\/a>\n\t\t\t\t\t\t\t\t\t\t\t\t\t\t\t<\/div>\n\t\t\t\t<\/div>\n\t\t\t\t<\/div>\n\t\t<div class=\"elementor-element elementor-element-d38528e e-con-full e-flex e-con e-child\" data-id=\"d38528e\" data-element_type=\"container\" data-e-type=\"container\">\n\t\t\t\t<div class=\"elementor-element elementor-element-4aab909 elementor-widget elementor-widget-theme-post-title elementor-page-title elementor-widget-heading\" data-id=\"4aab909\" data-element_type=\"widget\" data-e-type=\"widget\" data-widget_type=\"theme-post-title.default\">\n\t\t\t\t<div class=\"elementor-widget-container\">\n\t\t\t\t\t<h3 class=\"elementor-heading-title elementor-size-default\"><a href=\"https:\/\/www.ogaebelgium.be\/fr\/team\/sofie\/\">Sofie<\/a><\/h3>\t\t\t\t<\/div>\n\t\t\t\t<\/div>\n\t\t\t\t<\/div>\n\t\t\t\t\t<\/div>\n\t\t\t\t<\/div>\n\t\t\t\t<\/div>\n\t\t\t\t<div data-elementor-type=\"loop-item\" data-elementor-id=\"499\" class=\"elementor elementor-499 e-loop-item e-loop-item-851 post-851 team type-team status-publish has-post-thumbnail hentry\" data-elementor-post-type=\"elementor_library\" data-custom-edit-handle=\"1\">\n\t\t\t<div class=\"elementor-element elementor-element-63c64a7 e-flex e-con-boxed e-con e-parent\" data-id=\"63c64a7\" data-element_type=\"container\" data-e-type=\"container\">\n\t\t\t\t\t<div class=\"e-con-inner\">\n\t\t<div class=\"elementor-element elementor-element-a240ea0 e-con-full e-flex e-con e-child\" data-id=\"a240ea0\" data-element_type=\"container\" data-e-type=\"container\">\n\t\t\t\t<div class=\"elementor-element elementor-element-ba136f5 elementor-widget elementor-widget-theme-post-featured-image elementor-widget-image\" data-id=\"ba136f5\" data-element_type=\"widget\" data-e-type=\"widget\" data-widget_type=\"theme-post-featured-image.default\">\n\t\t\t\t<div class=\"elementor-widget-container\">\n\t\t\t\t\t\t\t\t\t\t\t\t\t\t\t\t<a href=\"https:\/\/www.ogaebelgium.be\/fr\/team\/thybault\/\">\n\t\t\t\t\t\t\t<img loading=\"lazy\" decoding=\"async\" width=\"385\" height=\"385\" src=\"https:\/\/www.ogaebelgium.be\/wp-content\/uploads\/2025\/03\/Thybault-square.jpg\" class=\"elementor-animation-grow attachment-large size-large wp-image-520\" alt=\"een man met vlaggen voor een scherm\" srcset=\"https:\/\/www.ogaebelgium.be\/wp-content\/uploads\/2025\/03\/Thybault-square.jpg 385w, https:\/\/www.ogaebelgium.be\/wp-content\/uploads\/2025\/03\/Thybault-square-300x300.jpg 300w, https:\/\/www.ogaebelgium.be\/wp-content\/uploads\/2025\/03\/Thybault-square-150x150.jpg 150w\" sizes=\"(max-width: 385px) 100vw, 385px\" \/>\t\t\t\t\t\t\t\t<\/a>\n\t\t\t\t\t\t\t\t\t\t\t\t\t\t\t<\/div>\n\t\t\t\t<\/div>\n\t\t\t\t<\/div>\n\t\t<div class=\"elementor-element elementor-element-d38528e e-con-full e-flex e-con e-child\" data-id=\"d38528e\" data-element_type=\"container\" data-e-type=\"container\">\n\t\t\t\t<div class=\"elementor-element elementor-element-4aab909 elementor-widget elementor-widget-theme-post-title elementor-page-title elementor-widget-heading\" data-id=\"4aab909\" data-element_type=\"widget\" data-e-type=\"widget\" data-widget_type=\"theme-post-title.default\">\n\t\t\t\t<div class=\"elementor-widget-container\">\n\t\t\t\t\t<h3 class=\"elementor-heading-title elementor-size-default\"><a href=\"https:\/\/www.ogaebelgium.be\/fr\/team\/thybault\/\">Thybault<\/a><\/h3>\t\t\t\t<\/div>\n\t\t\t\t<\/div>\n\t\t\t\t<\/div>\n\t\t\t\t\t<\/div>\n\t\t\t\t<\/div>\n\t\t\t\t<\/div>\n\t\t\t\t<div data-elementor-type=\"loop-item\" data-elementor-id=\"499\" class=\"elementor elementor-499 e-loop-item e-loop-item-575 post-575 team type-team status-publish has-post-thumbnail hentry\" data-elementor-post-type=\"elementor_library\" data-custom-edit-handle=\"1\">\n\t\t\t<div class=\"elementor-element elementor-element-63c64a7 e-flex e-con-boxed e-con e-parent\" data-id=\"63c64a7\" data-element_type=\"container\" data-e-type=\"container\">\n\t\t\t\t\t<div class=\"e-con-inner\">\n\t\t<div class=\"elementor-element elementor-element-a240ea0 e-con-full e-flex e-con e-child\" data-id=\"a240ea0\" data-element_type=\"container\" data-e-type=\"container\">\n\t\t\t\t<div class=\"elementor-element elementor-element-ba136f5 elementor-widget elementor-widget-theme-post-featured-image elementor-widget-image\" data-id=\"ba136f5\" data-element_type=\"widget\" data-e-type=\"widget\" data-widget_type=\"theme-post-featured-image.default\">\n\t\t\t\t<div class=\"elementor-widget-container\">\n\t\t\t\t\t\t\t\t\t\t\t\t\t\t\t\t<a href=\"https:\/\/www.ogaebelgium.be\/fr\/team\/didier\/\">\n\t\t\t\t\t\t\t<img loading=\"lazy\" decoding=\"async\" width=\"1024\" height=\"1024\" src=\"https:\/\/www.ogaebelgium.be\/wp-content\/uploads\/2025\/03\/Didier-square-1024x1024.jpg\" class=\"elementor-animation-grow attachment-large size-large wp-image-514\" alt=\"foto of didier\" srcset=\"https:\/\/www.ogaebelgium.be\/wp-content\/uploads\/2025\/03\/Didier-square-1024x1024.jpg 1024w, https:\/\/www.ogaebelgium.be\/wp-content\/uploads\/2025\/03\/Didier-square-300x300.jpg 300w, https:\/\/www.ogaebelgium.be\/wp-content\/uploads\/2025\/03\/Didier-square-150x150.jpg 150w, https:\/\/www.ogaebelgium.be\/wp-content\/uploads\/2025\/03\/Didier-square-768x768.jpg 768w, https:\/\/www.ogaebelgium.be\/wp-content\/uploads\/2025\/03\/Didier-square.jpg 1158w\" sizes=\"(max-width: 1024px) 100vw, 1024px\" \/>\t\t\t\t\t\t\t\t<\/a>\n\t\t\t\t\t\t\t\t\t\t\t\t\t\t\t<\/div>\n\t\t\t\t<\/div>\n\t\t\t\t<\/div>\n\t\t<div class=\"elementor-element elementor-element-d38528e e-con-full e-flex e-con e-child\" data-id=\"d38528e\" data-element_type=\"container\" data-e-type=\"container\">\n\t\t\t\t<div class=\"elementor-element elementor-element-4aab909 elementor-widget elementor-widget-theme-post-title elementor-page-title elementor-widget-heading\" data-id=\"4aab909\" data-element_type=\"widget\" data-e-type=\"widget\" data-widget_type=\"theme-post-title.default\">\n\t\t\t\t<div class=\"elementor-widget-container\">\n\t\t\t\t\t<h3 class=\"elementor-heading-title elementor-size-default\"><a href=\"https:\/\/www.ogaebelgium.be\/fr\/team\/didier\/\">Didier<\/a><\/h3>\t\t\t\t<\/div>\n\t\t\t\t<\/div>\n\t\t\t\t<\/div>\n\t\t\t\t\t<\/div>\n\t\t\t\t<\/div>\n\t\t\t\t<\/div>\n\t\t\t\t<\/div>\n\t\t\n\t\t\t\t\t\t<\/div>\n\t\t\t\t<\/div>\n\t\t\t\t\t<\/div>\n\t\t\t\t<\/div>\n\t\t\t\t<\/div>\n\t\t","protected":false},"excerpt":{"rendered":"<p>En janvier 2019, OGAE Belgium (Organisation G\u00e9n\u00e9rale des Amateurs de l&rsquo;Eurovision) est devenue une association sans but lucratif et Stephan [&hellip;]<\/p>\n","protected":false},"author":2,"featured_media":0,"parent":843,"menu_order":0,"comment_status":"closed","ping_status":"closed","template":"","meta":{"_acf_changed":false,"_seopress_robots_primary_cat":"","_seopress_titles_title":"Rencontrez les administrateurs de l\u2019ASBL\u00a0OGAE\u00a0Belgium","_seopress_titles_desc":"Faites connaissance avec notre pr\u00e9sident Stephan et le comit\u00e9 directeur, qui s\u2019engagent b\u00e9n\u00e9volement pour le club et tous les fans belges de l\u2019Eurovision.","_seopress_robots_index":"","site-sidebar-layout":"no-sidebar","site-content-layout":"","ast-site-content-layout":"full-width-container","site-content-style":"default","site-sidebar-style":"default","ast-global-header-display":"","ast-banner-title-visibility":"","ast-main-header-display":"","ast-hfb-above-header-display":"","ast-hfb-below-header-display":"","ast-hfb-mobile-header-display":"","site-post-title":"disabled","ast-breadcrumbs-content":"","ast-featured-img":"disabled","footer-sml-layout":"","ast-disable-related-posts":"","theme-transparent-header-meta":"","adv-header-id-meta":"","stick-header-meta":"","header-above-stick-meta":"","header-main-stick-meta":"","header-below-stick-meta":"","astra-migrate-meta-layouts":"default","ast-page-background-enabled":"default","ast-page-background-meta":{"desktop":{"background-color":"var(--ast-global-color-5)","background-image":"","background-repeat":"repeat","background-position":"center center","background-size":"auto","background-attachment":"scroll","background-type":"","background-media":"","overlay-type":"","overlay-color":"","overlay-opacity":"","overlay-gradient":""},"tablet":{"background-color":"","background-image":"","background-repeat":"repeat","background-position":"center center","background-size":"auto","background-attachment":"scroll","background-type":"","background-media":"","overlay-type":"","overlay-color":"","overlay-opacity":"","overlay-gradient":""},"mobile":{"background-color":"","background-image":"","background-repeat":"repeat","background-position":"center center","background-size":"auto","background-attachment":"scroll","background-type":"","background-media":"","overlay-type":"","overlay-color":"","overlay-opacity":"","overlay-gradient":""}},"ast-content-background-meta":{"desktop":{"background-color":"var(--ast-global-color-4)","background-image":"","background-repeat":"repeat","background-position":"center center","background-size":"auto","background-attachment":"scroll","background-type":"","background-media":"","overlay-type":"","overlay-color":"","overlay-opacity":"","overlay-gradient":""},"tablet":{"background-color":"var(--ast-global-color-4)","background-image":"","background-repeat":"repeat","background-position":"center center","background-size":"auto","background-attachment":"scroll","background-type":"","background-media":"","overlay-type":"","overlay-color":"","overlay-opacity":"","overlay-gradient":""},"mobile":{"background-color":"var(--ast-global-color-4)","background-image":"","background-repeat":"repeat","background-position":"center center","background-size":"auto","background-attachment":"scroll","background-type":"","background-media":"","overlay-type":"","overlay-color":"","overlay-opacity":"","overlay-gradient":""}},"footnotes":""},"class_list":["post-845","page","type-page","status-publish","hentry"],"acf":[],"_links":{"self":[{"href":"https:\/\/www.ogaebelgium.be\/fr\/wp-json\/wp\/v2\/pages\/845","targetHints":{"allow":["GET"]}}],"collection":[{"href":"https:\/\/www.ogaebelgium.be\/fr\/wp-json\/wp\/v2\/pages"}],"about":[{"href":"https:\/\/www.ogaebelgium.be\/fr\/wp-json\/wp\/v2\/types\/page"}],"author":[{"embeddable":true,"href":"https:\/\/www.ogaebelgium.be\/fr\/wp-json\/wp\/v2\/users\/2"}],"replies":[{"embeddable":true,"href":"https:\/\/www.ogaebelgium.be\/fr\/wp-json\/wp\/v2\/comments?post=845"}],"version-history":[{"count":4,"href":"https:\/\/www.ogaebelgium.be\/fr\/wp-json\/wp\/v2\/pages\/845\/revisions"}],"predecessor-version":[{"id":849,"href":"https:\/\/www.ogaebelgium.be\/fr\/wp-json\/wp\/v2\/pages\/845\/revisions\/849"}],"up":[{"embeddable":true,"href":"https:\/\/www.ogaebelgium.be\/fr\/wp-json\/wp\/v2\/pages\/843"}],"wp:attachment":[{"href":"https:\/\/www.ogaebelgium.be\/fr\/wp-json\/wp\/v2\/media?parent=845"}],"curies":[{"name":"wp","href":"https:\/\/api.w.org\/{rel}","templated":true}]}}