{"id":838,"date":"2025-03-05T12:43:18","date_gmt":"2025-03-05T12:43:18","guid":{"rendered":"https:\/\/www.ogaebelgium.be\/?page_id=838"},"modified":"2025-05-05T18:47:27","modified_gmt":"2025-05-05T18:47:27","slug":"activites","status":"publish","type":"page","link":"https:\/\/www.ogaebelgium.be\/fr\/activites\/","title":{"rendered":"Activit\u00e9s"},"content":{"rendered":"\t\t<div data-elementor-type=\"wp-page\" data-elementor-id=\"838\" class=\"elementor elementor-838 elementor-33\" data-elementor-post-type=\"page\">\n\t\t\t\t<div class=\"elementor-element elementor-element-8af9e8e e-flex e-con-boxed e-con e-parent\" data-id=\"8af9e8e\" data-element_type=\"container\" data-e-type=\"container\" data-settings=\"{&quot;background_background&quot;:&quot;classic&quot;}\">\n\t\t\t\t\t<div class=\"e-con-inner\">\n\t\t\t\t<div class=\"elementor-element elementor-element-ed7f5f7 elementor-widget elementor-widget-heading\" data-id=\"ed7f5f7\" data-element_type=\"widget\" data-e-type=\"widget\" data-widget_type=\"heading.default\">\n\t\t\t\t<div class=\"elementor-widget-container\">\n\t\t\t\t\t<h1 class=\"elementor-heading-title elementor-size-default\">Activit\u00e9s<\/h1>\t\t\t\t<\/div>\n\t\t\t\t<\/div>\n\t\t\t\t\t<\/div>\n\t\t\t\t<\/div>\n\t\t<div class=\"elementor-element elementor-element-711fc19 e-flex e-con-boxed e-con e-parent\" data-id=\"711fc19\" data-element_type=\"container\" data-e-type=\"container\">\n\t\t\t\t\t<div class=\"e-con-inner\">\n\t\t\t\t<div class=\"elementor-element elementor-element-5efec33 elementor-grid-3 elementor-grid-tablet-2 elementor-grid-mobile-1 elementor-posts--thumbnail-top elementor-widget elementor-widget-posts\" data-id=\"5efec33\" data-element_type=\"widget\" data-e-type=\"widget\" data-settings=\"{&quot;classic_masonry&quot;:&quot;yes&quot;,&quot;classic_columns&quot;:&quot;3&quot;,&quot;classic_columns_tablet&quot;:&quot;2&quot;,&quot;classic_columns_mobile&quot;:&quot;1&quot;,&quot;classic_row_gap&quot;:{&quot;unit&quot;:&quot;px&quot;,&quot;size&quot;:35,&quot;sizes&quot;:[]},&quot;classic_row_gap_tablet&quot;:{&quot;unit&quot;:&quot;px&quot;,&quot;size&quot;:&quot;&quot;,&quot;sizes&quot;:[]},&quot;classic_row_gap_mobile&quot;:{&quot;unit&quot;:&quot;px&quot;,&quot;size&quot;:&quot;&quot;,&quot;sizes&quot;:[]}}\" data-widget_type=\"posts.classic\">\n\t\t\t\t<div class=\"elementor-widget-container\">\n\t\t\t\t\t\t\t<div class=\"elementor-posts-container elementor-posts elementor-posts--skin-classic elementor-grid\" role=\"list\">\n\t\t\t\t<article class=\"elementor-post elementor-grid-item post-3572 event type-event status-publish has-post-thumbnail hentry\" role=\"listitem\">\n\t\t\t\t<a class=\"elementor-post__thumbnail__link\" href=\"https:\/\/www.ogaebelgium.be\/fr\/event\/agenda-2026-ogae-belgium\/\" tabindex=\"-1\" >\n\t\t\t<div class=\"elementor-post__thumbnail\"><img decoding=\"async\" width=\"300\" height=\"165\" src=\"https:\/\/www.ogaebelgium.be\/wp-content\/uploads\/2026\/02\/ChatGPT-Image-25-fevr.-2026-10_06_56-300x165.png\" class=\"attachment-medium size-medium wp-image-3571\" alt=\"een zwarte achtergrond met een regenboogkleurige golf en de woorden agenda 2020\" srcset=\"https:\/\/www.ogaebelgium.be\/wp-content\/uploads\/2026\/02\/ChatGPT-Image-25-fevr.-2026-10_06_56-300x165.png 300w, https:\/\/www.ogaebelgium.be\/wp-content\/uploads\/2026\/02\/ChatGPT-Image-25-fevr.-2026-10_06_56-1024x562.png 1024w, https:\/\/www.ogaebelgium.be\/wp-content\/uploads\/2026\/02\/ChatGPT-Image-25-fevr.-2026-10_06_56-768x421.png 768w, https:\/\/www.ogaebelgium.be\/wp-content\/uploads\/2026\/02\/ChatGPT-Image-25-fevr.-2026-10_06_56.png 1522w\" sizes=\"(max-width: 300px) 100vw, 300px\" \/><\/div>\n\t\t<\/a>\n\t\t\t\t<div class=\"elementor-post__text\">\n\t\t\t\t<h3 class=\"elementor-post__title\">\n\t\t\t<a href=\"https:\/\/www.ogaebelgium.be\/fr\/event\/agenda-2026-ogae-belgium\/\" >\n\t\t\t\tAgenda 2026 &#8211; OGAE Belgium\t\t\t<\/a>\n\t\t<\/h3>\n\t\t\t\t<div class=\"elementor-post__meta-data\">\n\t\t\t\t\t<span class=\"elementor-post-date\">\n\t\t\t25 f\u00e9vrier 2026\t\t<\/span>\n\t\t\t\t<\/div>\n\t\t\t\t<\/div>\n\t\t\t\t<\/article>\n\t\t\t\t<article class=\"elementor-post elementor-grid-item post-1935 event type-event status-publish has-post-thumbnail hentry\" role=\"listitem\">\n\t\t\t\t<a class=\"elementor-post__thumbnail__link\" href=\"https:\/\/www.ogaebelgium.be\/fr\/event\/so-you-think-you-can-win-eurovision-2025\/\" tabindex=\"-1\" >\n\t\t\t<div class=\"elementor-post__thumbnail\"><img alt=\"\" decoding=\"async\" width=\"300\" height=\"103\" src=\"https:\/\/www.ogaebelgium.be\/wp-content\/uploads\/2025\/06\/logo-so-you-think-300x103.jpeg\" class=\"attachment-medium size-medium wp-image-1936\" alt=\"\" srcset=\"https:\/\/www.ogaebelgium.be\/wp-content\/uploads\/2025\/06\/logo-so-you-think-300x103.jpeg 300w, https:\/\/www.ogaebelgium.be\/wp-content\/uploads\/2025\/06\/logo-so-you-think.jpeg 432w\" sizes=\"(max-width: 300px) 100vw, 300px\" \/><\/div>\n\t\t<\/a>\n\t\t\t\t<div class=\"elementor-post__text\">\n\t\t\t\t<h3 class=\"elementor-post__title\">\n\t\t\t<a href=\"https:\/\/www.ogaebelgium.be\/fr\/event\/so-you-think-you-can-win-eurovision-2025\/\" >\n\t\t\t\tSo You Think You Can Win Eurovision 2025\t\t\t<\/a>\n\t\t<\/h3>\n\t\t\t\t<div class=\"elementor-post__meta-data\">\n\t\t\t\t\t<span class=\"elementor-post-date\">\n\t\t\t3 juin 2025\t\t<\/span>\n\t\t\t\t<\/div>\n\t\t\t\t<\/div>\n\t\t\t\t<\/article>\n\t\t\t\t<article class=\"elementor-post elementor-grid-item post-1690 event type-event status-publish has-post-thumbnail hentry\" role=\"listitem\">\n\t\t\t\t<a class=\"elementor-post__thumbnail__link\" href=\"https:\/\/www.ogaebelgium.be\/fr\/event\/belgische-vibes-in-bazel-samen-met-red-sebastian\/\" tabindex=\"-1\" >\n\t\t\t<div class=\"elementor-post__thumbnail\"><img fetchpriority=\"high\" decoding=\"async\" width=\"300\" height=\"193\" src=\"https:\/\/www.ogaebelgium.be\/wp-content\/uploads\/2025\/05\/IMG_6555-2-300x193.jpg\" class=\"attachment-medium size-medium wp-image-1689\" alt=\"Event OGAE Belgium in Bazel te Klara met Red Sebastian\" srcset=\"https:\/\/www.ogaebelgium.be\/wp-content\/uploads\/2025\/05\/IMG_6555-2-300x193.jpg 300w, https:\/\/www.ogaebelgium.be\/wp-content\/uploads\/2025\/05\/IMG_6555-2-1024x660.jpg 1024w, https:\/\/www.ogaebelgium.be\/wp-content\/uploads\/2025\/05\/IMG_6555-2-768x495.jpg 768w, https:\/\/www.ogaebelgium.be\/wp-content\/uploads\/2025\/05\/IMG_6555-2-1536x990.jpg 1536w, https:\/\/www.ogaebelgium.be\/wp-content\/uploads\/2025\/05\/IMG_6555-2-2048x1320.jpg 2048w\" sizes=\"(max-width: 300px) 100vw, 300px\" \/><\/div>\n\t\t<\/a>\n\t\t\t\t<div class=\"elementor-post__text\">\n\t\t\t\t<h3 class=\"elementor-post__title\">\n\t\t\t<a href=\"https:\/\/www.ogaebelgium.be\/fr\/event\/belgische-vibes-in-bazel-samen-met-red-sebastian\/\" >\n\t\t\t\tVibes belges \u00e0 B\u00e2le \u2013 Ensemble avec Red Sebastian!\t\t\t<\/a>\n\t\t<\/h3>\n\t\t\t\t<div class=\"elementor-post__meta-data\">\n\t\t\t\t\t<span class=\"elementor-post-date\">\n\t\t\t23 mai 2025\t\t<\/span>\n\t\t\t\t<\/div>\n\t\t\t\t<\/div>\n\t\t\t\t<\/article>\n\t\t\t\t<article class=\"elementor-post elementor-grid-item post-1229 event type-event status-publish has-post-thumbnail hentry\" role=\"listitem\">\n\t\t\t\t<a class=\"elementor-post__thumbnail__link\" href=\"https:\/\/www.ogaebelgium.be\/fr\/event\/lets-meet-in-basel\/\" tabindex=\"-1\" >\n\t\t\t<div class=\"elementor-post__thumbnail\"><img loading=\"lazy\" decoding=\"async\" width=\"300\" height=\"172\" src=\"https:\/\/www.ogaebelgium.be\/wp-content\/uploads\/2025\/05\/IMG_6208-300x172.jpg\" class=\"attachment-medium size-medium wp-image-1228\" alt=\"een groep mensen met vlaggen en borden\" srcset=\"https:\/\/www.ogaebelgium.be\/wp-content\/uploads\/2025\/05\/IMG_6208-300x172.jpg 300w, https:\/\/www.ogaebelgium.be\/wp-content\/uploads\/2025\/05\/IMG_6208-1024x586.jpg 1024w, https:\/\/www.ogaebelgium.be\/wp-content\/uploads\/2025\/05\/IMG_6208-768x440.jpg 768w, https:\/\/www.ogaebelgium.be\/wp-content\/uploads\/2025\/05\/IMG_6208-1536x879.jpg 1536w, https:\/\/www.ogaebelgium.be\/wp-content\/uploads\/2025\/05\/IMG_6208-2048x1172.jpg 2048w\" sizes=\"(max-width: 300px) 100vw, 300px\" \/><\/div>\n\t\t<\/a>\n\t\t\t\t<div class=\"elementor-post__text\">\n\t\t\t\t<h3 class=\"elementor-post__title\">\n\t\t\t<a href=\"https:\/\/www.ogaebelgium.be\/fr\/event\/lets-meet-in-basel\/\" >\n\t\t\t\tLet&rsquo;s meet in Basel!\t\t\t<\/a>\n\t\t<\/h3>\n\t\t\t\t<div class=\"elementor-post__meta-data\">\n\t\t\t\t\t<span class=\"elementor-post-date\">\n\t\t\t9 mai 2025\t\t<\/span>\n\t\t\t\t<\/div>\n\t\t\t\t<\/div>\n\t\t\t\t<\/article>\n\t\t\t\t<article class=\"elementor-post elementor-grid-item post-917 event type-event status-publish has-post-thumbnail hentry\" role=\"listitem\">\n\t\t\t\t<a class=\"elementor-post__thumbnail__link\" href=\"https:\/\/www.ogaebelgium.be\/fr\/event\/reception-du-nouvel-an-ogae-belgique-le-coup-denvoi-dune-nouvelle-annee-pleine-de-plaisir-eurovisionnesque\/\" tabindex=\"-1\" >\n\t\t\t<div class=\"elementor-post__thumbnail\"><img loading=\"lazy\" decoding=\"async\" width=\"300\" height=\"136\" src=\"https:\/\/www.ogaebelgium.be\/wp-content\/uploads\/2025\/04\/main-picture-OGAE-Belgium-nieuwjaarseceptie-met-alle-kandidaten-300x136.jpg\" class=\"attachment-medium size-medium wp-image-790\" alt=\"een groep mensen die poseren voor een foto in een kamer\" srcset=\"https:\/\/www.ogaebelgium.be\/wp-content\/uploads\/2025\/04\/main-picture-OGAE-Belgium-nieuwjaarseceptie-met-alle-kandidaten-300x136.jpg 300w, https:\/\/www.ogaebelgium.be\/wp-content\/uploads\/2025\/04\/main-picture-OGAE-Belgium-nieuwjaarseceptie-met-alle-kandidaten-1024x466.jpg 1024w, https:\/\/www.ogaebelgium.be\/wp-content\/uploads\/2025\/04\/main-picture-OGAE-Belgium-nieuwjaarseceptie-met-alle-kandidaten-768x349.jpg 768w, https:\/\/www.ogaebelgium.be\/wp-content\/uploads\/2025\/04\/main-picture-OGAE-Belgium-nieuwjaarseceptie-met-alle-kandidaten-1536x699.jpg 1536w, https:\/\/www.ogaebelgium.be\/wp-content\/uploads\/2025\/04\/main-picture-OGAE-Belgium-nieuwjaarseceptie-met-alle-kandidaten-2048x932.jpg 2048w\" sizes=\"(max-width: 300px) 100vw, 300px\" \/><\/div>\n\t\t<\/a>\n\t\t\t\t<div class=\"elementor-post__text\">\n\t\t\t\t<h3 class=\"elementor-post__title\">\n\t\t\t<a href=\"https:\/\/www.ogaebelgium.be\/fr\/event\/reception-du-nouvel-an-ogae-belgique-le-coup-denvoi-dune-nouvelle-annee-pleine-de-plaisir-eurovisionnesque\/\" >\n\t\t\t\tR\u00e9ception de Nouvel An d&rsquo;OGAE Belgique : Une nouvelle ann\u00e9e pleine de plaisirs eurovisionnesques !\t\t\t<\/a>\n\t\t<\/h3>\n\t\t\t\t<div class=\"elementor-post__meta-data\">\n\t\t\t\t\t<span class=\"elementor-post-date\">\n\t\t\t20 janvier 2025\t\t<\/span>\n\t\t\t\t<\/div>\n\t\t\t\t<\/div>\n\t\t\t\t<\/article>\n\t\t\t\t<\/div>\n\t\t\n\t\t\t\t\t\t<\/div>\n\t\t\t\t<\/div>\n\t\t\t\t\t<\/div>\n\t\t\t\t<\/div>\n\t\t\t\t<\/div>\n\t\t","protected":false},"excerpt":{"rendered":"","protected":false},"author":2,"featured_media":0,"parent":0,"menu_order":0,"comment_status":"closed","ping_status":"closed","template":"","meta":{"_acf_changed":false,"_seopress_robots_primary_cat":"","_seopress_titles_title":"Activit\u00e9s autour de l'Eurovision - OGAE Belgium","_seopress_titles_desc":"Restez inform\u00e9 de toutes les activit\u00e9s d'OGAE Belgium autour de l'Eurovision. Cette page est r\u00e9guli\u00e8rement mise \u00e0 jour.","_seopress_robots_index":"","site-sidebar-layout":"no-sidebar","site-content-layout":"","ast-site-content-layout":"full-width-container","site-content-style":"default","site-sidebar-style":"default","ast-global-header-display":"","ast-banner-title-visibility":"","ast-main-header-display":"","ast-hfb-above-header-display":"","ast-hfb-below-header-display":"","ast-hfb-mobile-header-display":"","site-post-title":"disabled","ast-breadcrumbs-content":"","ast-featured-img":"disabled","footer-sml-layout":"","ast-disable-related-posts":"","theme-transparent-header-meta":"","adv-header-id-meta":"","stick-header-meta":"","header-above-stick-meta":"","header-main-stick-meta":"","header-below-stick-meta":"","astra-migrate-meta-layouts":"default","ast-page-background-enabled":"default","ast-page-background-meta":{"desktop":{"background-color":"var(--ast-global-color-5)","background-image":"","background-repeat":"repeat","background-position":"center center","background-size":"auto","background-attachment":"scroll","background-type":"","background-media":"","overlay-type":"","overlay-color":"","overlay-opacity":"","overlay-gradient":""},"tablet":{"background-color":"","background-image":"","background-repeat":"repeat","background-position":"center center","background-size":"auto","background-attachment":"scroll","background-type":"","background-media":"","overlay-type":"","overlay-color":"","overlay-opacity":"","overlay-gradient":""},"mobile":{"background-color":"","background-image":"","background-repeat":"repeat","background-position":"center center","background-size":"auto","background-attachment":"scroll","background-type":"","background-media":"","overlay-type":"","overlay-color":"","overlay-opacity":"","overlay-gradient":""}},"ast-content-background-meta":{"desktop":{"background-color":"var(--ast-global-color-4)","background-image":"","background-repeat":"repeat","background-position":"center center","background-size":"auto","background-attachment":"scroll","background-type":"","background-media":"","overlay-type":"","overlay-color":"","overlay-opacity":"","overlay-gradient":""},"tablet":{"background-color":"var(--ast-global-color-4)","background-image":"","background-repeat":"repeat","background-position":"center center","background-size":"auto","background-attachment":"scroll","background-type":"","background-media":"","overlay-type":"","overlay-color":"","overlay-opacity":"","overlay-gradient":""},"mobile":{"background-color":"var(--ast-global-color-4)","background-image":"","background-repeat":"repeat","background-position":"center center","background-size":"auto","background-attachment":"scroll","background-type":"","background-media":"","overlay-type":"","overlay-color":"","overlay-opacity":"","overlay-gradient":""}},"footnotes":""},"class_list":["post-838","page","type-page","status-publish","hentry"],"acf":[],"_links":{"self":[{"href":"https:\/\/www.ogaebelgium.be\/fr\/wp-json\/wp\/v2\/pages\/838","targetHints":{"allow":["GET"]}}],"collection":[{"href":"https:\/\/www.ogaebelgium.be\/fr\/wp-json\/wp\/v2\/pages"}],"about":[{"href":"https:\/\/www.ogaebelgium.be\/fr\/wp-json\/wp\/v2\/types\/page"}],"author":[{"embeddable":true,"href":"https:\/\/www.ogaebelgium.be\/fr\/wp-json\/wp\/v2\/users\/2"}],"replies":[{"embeddable":true,"href":"https:\/\/www.ogaebelgium.be\/fr\/wp-json\/wp\/v2\/comments?post=838"}],"version-history":[{"count":8,"href":"https:\/\/www.ogaebelgium.be\/fr\/wp-json\/wp\/v2\/pages\/838\/revisions"}],"predecessor-version":[{"id":1027,"href":"https:\/\/www.ogaebelgium.be\/fr\/wp-json\/wp\/v2\/pages\/838\/revisions\/1027"}],"wp:attachment":[{"href":"https:\/\/www.ogaebelgium.be\/fr\/wp-json\/wp\/v2\/media?parent=838"}],"curies":[{"name":"wp","href":"https:\/\/api.w.org\/{rel}","templated":true}]}}