{"id":577,"date":"2025-03-05T12:47:59","date_gmt":"2025-03-05T12:47:59","guid":{"rendered":"https:\/\/www.ogaebelgium.be\/?page_id=577"},"modified":"2025-07-07T16:44:13","modified_gmt":"2025-07-07T16:44:13","slug":"ogae-belgium","status":"publish","type":"page","link":"https:\/\/www.ogaebelgium.be\/fr\/a-propos\/ogae-belgium\/","title":{"rendered":"OGAE Belgium"},"content":{"rendered":"\t\t<div data-elementor-type=\"wp-page\" data-elementor-id=\"577\" class=\"elementor elementor-577 elementor-43\" data-elementor-post-type=\"page\">\n\t\t\t\t<div class=\"elementor-element elementor-element-549751f5 e-flex e-con-boxed e-con e-parent\" data-id=\"549751f5\" data-element_type=\"container\" data-e-type=\"container\" data-settings=\"{&quot;background_background&quot;:&quot;classic&quot;}\">\n\t\t\t\t\t<div class=\"e-con-inner\">\n\t\t\t\t<div class=\"elementor-element elementor-element-41e6ab7b elementor-widget elementor-widget-heading\" data-id=\"41e6ab7b\" data-element_type=\"widget\" data-e-type=\"widget\" data-widget_type=\"heading.default\">\n\t\t\t\t<div class=\"elementor-widget-container\">\n\t\t\t\t\t<h1 class=\"elementor-heading-title elementor-size-default\">OGAE Belgium<\/h1>\t\t\t\t<\/div>\n\t\t\t\t<\/div>\n\t\t\t\t\t<\/div>\n\t\t\t\t<\/div>\n\t\t<div class=\"elementor-element elementor-element-8ead2a6 e-flex e-con-boxed e-con e-parent\" data-id=\"8ead2a6\" data-element_type=\"container\" data-e-type=\"container\">\n\t\t\t\t\t<div class=\"e-con-inner\">\n\t\t<div class=\"elementor-element elementor-element-1f63b89 e-con-full e-flex e-con e-child\" data-id=\"1f63b89\" data-element_type=\"container\" data-e-type=\"container\">\n\t\t\t\t<div class=\"elementor-element elementor-element-6e4d375 elementor-widget elementor-widget-heading\" data-id=\"6e4d375\" data-element_type=\"widget\" data-e-type=\"widget\" data-widget_type=\"heading.default\">\n\t\t\t\t<div class=\"elementor-widget-container\">\n\t\t\t\t\t<h2 class=\"elementor-heading-title elementor-size-default\">Fan de l\u2019Eurovision ? Bienvenue chez OGAE Belgium !<\/h2>\t\t\t\t<\/div>\n\t\t\t\t<\/div>\n\t\t\t\t<div class=\"elementor-element elementor-element-d72d9ee elementor-widget elementor-widget-text-editor\" data-id=\"d72d9ee\" data-element_type=\"widget\" data-e-type=\"widget\" data-widget_type=\"text-editor.default\">\n\t\t\t\t<div class=\"elementor-widget-container\">\n\t\t\t\t\t\t\t\t\t<p>Le Concours Eurovision de la chanson est votre plus grande passion ou presque ? Vous r\u00eavez d&rsquo;assister au concours en direct ? Vous avez envie de rencontrer d&rsquo;autres fans du concours et de vous faire de nouveaux amis qui partagent la m\u00eame passion que vous ? Dans ce cas, vous \u00eates au bon endroit! OGAE Belgium est le seul fan club officiel du Concours Eurovision de la Chanson. OGAE est l&rsquo;acronyme d&rsquo;Organisation G\u00e9n\u00e9rale des Amateurs de l&rsquo;Eurovision, fond\u00e9e en Finlande en 1984 et devenue depuis la plus grande communaut\u00e9 de fans du Concours en Europe.<\/p>\n<p>OGAE International est une organisation \u00e0 but non lucratif qui regroupe les fan-clubs nationaux de l&rsquo;Eurovision. Tous les pays ayant particip\u00e9 au concours de la chanson peuvent cr\u00e9er leur propre club national OGAE. L&rsquo;OGAE Rest of World est l\u00e0 pour les pays qui n&rsquo;ont pas de club.<\/p>\n<p>En 2009, \u00e0 Moscou, les pr\u00e9sidents nationaux ont d\u00e9cid\u00e9 que OGAE International deviendrait une entit\u00e9 juridique et qu&rsquo;un comit\u00e9 \u00e9tudierait l&rsquo;enregistrement et les statuts. Le 13 mai 2011, \u00e0 D\u00fcsseldorf, les pr\u00e9sidents d\u2019OGAE ont d\u00e9cid\u00e9 \u00e0 l&rsquo;unanimit\u00e9 de soumettre OGAE International au droit fran\u00e7ais et d&rsquo;\u00e9lire un conseil d&rsquo;administration pour g\u00e9rer les affaires&nbsp;courantes. Le 2 juillet 2011, les repr\u00e9sentants d\u2019OGAE France et d\u2019OGAE Royaume-Uni se sont r\u00e9unis \u00e0 Paris pour fonder OGAE International et ces deux clubs sont donc les fondateurs de la nouvelle asbl. A partir de ce moment, les clubs nationaux seront les membres et aucune autre organisation ne pourra utiliser le nom OGAE.<\/p>\n<p>OGAE Belgique a \u00e9t\u00e9 fond\u00e9e en 1991 et vise \u00e0 d\u00e9velopper le Concours de la Chanson en \u00e9troite collaboration avec l&rsquo;Union Europ\u00e9enne de Radio-T\u00e9l\u00e9vision (UER) d&rsquo;une part et avec les cha\u00eenes de t\u00e9l\u00e9vision organisatrices d&rsquo;autre part. Chaque club local cherche \u00e9galement \u00e0 entretenir de bonnes relations avec son diffuseur national respectif. OGAE est reconnue par l&rsquo;UER comme une organisation fiable pour les fans de l&rsquo;Eurovision.<\/p>\t\t\t\t\t\t\t\t<\/div>\n\t\t\t\t<\/div>\n\t\t\t\t<div class=\"elementor-element elementor-element-75fcc21 elementor-widget elementor-widget-heading\" data-id=\"75fcc21\" data-element_type=\"widget\" data-e-type=\"widget\" data-widget_type=\"heading.default\">\n\t\t\t\t<div class=\"elementor-widget-container\">\n\t\t\t\t\t<h2 class=\"elementor-heading-title elementor-size-default\">Concours OGAE<\/h2>\t\t\t\t<\/div>\n\t\t\t\t<\/div>\n\t\t\t\t<div class=\"elementor-element elementor-element-f49f036 elementor-widget elementor-widget-text-editor\" data-id=\"f49f036\" data-element_type=\"widget\" data-e-type=\"widget\" data-widget_type=\"text-editor.default\">\n\t\t\t\t<div class=\"elementor-widget-container\">\n\t\t\t\t\t\t\t\t\t<p>Chaque ann\u00e9e, OGAE International organise deux concours musicaux dans le but de promouvoir la musique populaire nationale parmi les clubs OGAE locaux et d\u2019am\u00e9liorer la collaboration au sein du r\u00e9seau.<\/p>\n<ul>\n<li><a href=\"https:\/\/www.ogaebelgium.be\/fr\/ogae-contests\/ogae-second-chance-contest\/\">OGAE Second Chance Contest<\/a> : concours en ligne auquel chaque club peut envoyer une chanson issue des pr\u00e9s\u00e9lections nationales et qui n\u2019a pas \u00e9t\u00e9 s\u00e9lectionn\u00e9e pour repr\u00e9senter le pays au Concours Eurovision.<\/li>\n<li><a href=\"https:\/\/www.ogaebelgium.be\/fr\/ogae-contests\/ogae-song-contest\/\">OGAE Song Contest<\/a> : concours en ligne auquel chaque club peut envoyer une chanson originale parue durant les douze derniers mois et chant\u00e9e dans l\u2019une des langues nationales.<\/li>\n<\/ul>\t\t\t\t\t\t\t\t<\/div>\n\t\t\t\t<\/div>\n\t\t\t\t<div class=\"elementor-element elementor-element-e2e47f0 elementor-widget elementor-widget-heading\" data-id=\"e2e47f0\" data-element_type=\"widget\" data-e-type=\"widget\" data-widget_type=\"heading.default\">\n\t\t\t\t<div class=\"elementor-widget-container\">\n\t\t\t\t\t<h2 class=\"elementor-heading-title elementor-size-default\">Activit\u00e9s OGAE<\/h2>\t\t\t\t<\/div>\n\t\t\t\t<\/div>\n\t\t\t\t<div class=\"elementor-element elementor-element-d8d6549 elementor-widget elementor-widget-text-editor\" data-id=\"d8d6549\" data-element_type=\"widget\" data-e-type=\"widget\" data-widget_type=\"text-editor.default\">\n\t\t\t\t<div class=\"elementor-widget-container\">\n\t\t\t\t\t\t\t\t\t<p>OGAE Belgium organise quatre rencontres diff\u00e9rentes pour les membres :<\/p>\n<ol>\n<li><strong>R\u00e9ception de Nouvel An<\/strong> (en janvier) : le moment id\u00e9al pour se revoir entre membres et lever un verre \u00e0 la nouvelle ann\u00e9e.<br \/><br \/><\/li>\n<li><strong>OGAE ESC Poll<\/strong> (en avril) : Durant l\u2019OGAE International ESC Poll (Sondage de l\u2019OGAE pour l\u2019Eurovision), les fans en Europe et dans le reste du monde pronostiquent le classement du prochain Concours Eurovision. Ce sondage est organis\u00e9 depuis 2007. Chaque ann\u00e9e, les clubs locaux organisent un vote interne, dont les r\u00e9sultats sont publi\u00e9s sur le site d\u2019OGAE International. Les fans peuvent ainsi partager leur avis sur les chansons.<br \/><br \/><\/li>\n<li><strong>Activit\u00e9s dans la ville o\u00f9 se d\u00e9roule le Concours Eurovision de la Chanson<\/strong> (en mai) : nous avons pu ainsi rencontrer Lo\u00efc Nottet, visiter l\u2019ABBA Museum \u00e0 Stockholm, faire une vir\u00e9e en bateau \u00e0 Kiev et \u00e0 Lisbonne, organiser un chouette lunch \u00e0 Turin et Malm\u00f6, etc.<br \/><br \/><\/li>\n<li><strong>So You Think You Can Win Eurovision ?<\/strong> (en octobre\/novembre) : concours ludique pour les membres, en deux cat\u00e9gories : live et lipsink. Les membres qui ont toujours r\u00eaver de se glisser dans la peau de Verka Serduchka, Carola ou Sakis Rouvas peuvent r\u00e9aliser leur souhait durant cette soir\u00e9e inoubliable.<\/li>\n<\/ol>\t\t\t\t\t\t\t\t<\/div>\n\t\t\t\t<\/div>\n\t\t\t\t<\/div>\n\t\t<div class=\"elementor-element elementor-element-5387fb6 e-con-full e-flex e-con e-child\" data-id=\"5387fb6\" data-element_type=\"container\" data-e-type=\"container\">\n\t\t\t\t<div class=\"elementor-element elementor-element-66f13ca elementor-widget elementor-widget-heading\" data-id=\"66f13ca\" data-element_type=\"widget\" data-e-type=\"widget\" data-widget_type=\"heading.default\">\n\t\t\t\t<div class=\"elementor-widget-container\">\n\t\t\t\t\t<h3 class=\"elementor-heading-title elementor-size-default\">Derni\u00e8res actualit\u00e9s<\/h3>\t\t\t\t<\/div>\n\t\t\t\t<\/div>\n\t\t\t\t<div class=\"elementor-element elementor-element-6d4f6c2 elementor-grid-1 elementor-posts--thumbnail-left elementor-grid-tablet-2 elementor-grid-mobile-1 elementor-widget elementor-widget-posts\" data-id=\"6d4f6c2\" data-element_type=\"widget\" data-e-type=\"widget\" data-settings=\"{&quot;classic_columns&quot;:&quot;1&quot;,&quot;classic_columns_tablet&quot;:&quot;2&quot;,&quot;classic_columns_mobile&quot;:&quot;1&quot;,&quot;classic_row_gap&quot;:{&quot;unit&quot;:&quot;px&quot;,&quot;size&quot;:35,&quot;sizes&quot;:[]},&quot;classic_row_gap_tablet&quot;:{&quot;unit&quot;:&quot;px&quot;,&quot;size&quot;:&quot;&quot;,&quot;sizes&quot;:[]},&quot;classic_row_gap_mobile&quot;:{&quot;unit&quot;:&quot;px&quot;,&quot;size&quot;:&quot;&quot;,&quot;sizes&quot;:[]}}\" data-widget_type=\"posts.classic\">\n\t\t\t\t<div class=\"elementor-widget-container\">\n\t\t\t\t\t\t\t<div class=\"elementor-posts-container elementor-posts elementor-posts--skin-classic elementor-grid\" role=\"list\">\n\t\t\t\t<article class=\"elementor-post elementor-grid-item post-3798 post type-post status-publish format-standard has-post-thumbnail hentry category-amoureux-de-leurovision tag-amoureux-de-leurovision tag-ogae-belgium-fr\" role=\"listitem\">\n\t\t\t\t<a class=\"elementor-post__thumbnail__link\" href=\"https:\/\/www.ogaebelgium.be\/fr\/eurovision-lovers-dylan-arens\/\" tabindex=\"-1\" >\n\t\t\t<div class=\"elementor-post__thumbnail\"><img alt=\"\" fetchpriority=\"high\" decoding=\"async\" width=\"260\" height=\"300\" src=\"https:\/\/www.ogaebelgium.be\/wp-content\/uploads\/2026\/04\/ChatGPT-Image-22-avr.-2026-13_16_04-260x300.png\" class=\"attachment-medium size-medium wp-image-3789\" alt=\"\" srcset=\"https:\/\/www.ogaebelgium.be\/wp-content\/uploads\/2026\/04\/ChatGPT-Image-22-avr.-2026-13_16_04-260x300.png 260w, https:\/\/www.ogaebelgium.be\/wp-content\/uploads\/2026\/04\/ChatGPT-Image-22-avr.-2026-13_16_04-886x1024.png 886w, https:\/\/www.ogaebelgium.be\/wp-content\/uploads\/2026\/04\/ChatGPT-Image-22-avr.-2026-13_16_04-768x887.png 768w, https:\/\/www.ogaebelgium.be\/wp-content\/uploads\/2026\/04\/ChatGPT-Image-22-avr.-2026-13_16_04.png 939w\" sizes=\"(max-width: 260px) 100vw, 260px\" \/><\/div>\n\t\t<\/a>\n\t\t\t\t<div class=\"elementor-post__text\">\n\t\t\t\t<h3 class=\"elementor-post__title\">\n\t\t\t<a href=\"https:\/\/www.ogaebelgium.be\/fr\/eurovision-lovers-dylan-arens\/\" >\n\t\t\t\tEurovision Lovers &#8211; Dylan Arens\t\t\t<\/a>\n\t\t<\/h3>\n\t\t\t\t<div class=\"elementor-post__meta-data\">\n\t\t\t\t\t<span class=\"elementor-post-date\">\n\t\t\t22 avril 2026\t\t<\/span>\n\t\t\t\t<\/div>\n\t\t\t\t<\/div>\n\t\t\t\t<\/article>\n\t\t\t\t<article class=\"elementor-post elementor-grid-item post-3765 post type-post status-publish format-standard has-post-thumbnail hentry category-63 category-eurovision tag-esc-2026 tag-eurovision tag-ogae-belgium-fr\" role=\"listitem\">\n\t\t\t\t<a class=\"elementor-post__thumbnail__link\" href=\"https:\/\/www.ogaebelgium.be\/fr\/ogae-esc-poll-battles-2026-qui-est-votre-favori\/\" tabindex=\"-1\" >\n\t\t\t<div class=\"elementor-post__thumbnail\"><img alt=\"\" decoding=\"async\" width=\"300\" height=\"169\" src=\"https:\/\/www.ogaebelgium.be\/wp-content\/uploads\/2026\/04\/battles2026-2-300x169.png\" class=\"attachment-medium size-medium wp-image-3763\" alt=\"\" srcset=\"https:\/\/www.ogaebelgium.be\/wp-content\/uploads\/2026\/04\/battles2026-2-300x169.png 300w, https:\/\/www.ogaebelgium.be\/wp-content\/uploads\/2026\/04\/battles2026-2-1024x576.png 1024w, https:\/\/www.ogaebelgium.be\/wp-content\/uploads\/2026\/04\/battles2026-2-768x432.png 768w, https:\/\/www.ogaebelgium.be\/wp-content\/uploads\/2026\/04\/battles2026-2-1536x864.png 1536w, https:\/\/www.ogaebelgium.be\/wp-content\/uploads\/2026\/04\/battles2026-2-2048x1152.png 2048w\" sizes=\"(max-width: 300px) 100vw, 300px\" \/><\/div>\n\t\t<\/a>\n\t\t\t\t<div class=\"elementor-post__text\">\n\t\t\t\t<h3 class=\"elementor-post__title\">\n\t\t\t<a href=\"https:\/\/www.ogaebelgium.be\/fr\/ogae-esc-poll-battles-2026-qui-est-votre-favori\/\" >\n\t\t\t\tOGAE ESC Poll, Battles 2026&#8230; Qui est votre favori?\t\t\t<\/a>\n\t\t<\/h3>\n\t\t\t\t<div class=\"elementor-post__meta-data\">\n\t\t\t\t\t<span class=\"elementor-post-date\">\n\t\t\t20 avril 2026\t\t<\/span>\n\t\t\t\t<\/div>\n\t\t\t\t<\/div>\n\t\t\t\t<\/article>\n\t\t\t\t<article class=\"elementor-post elementor-grid-item post-3660 post type-post status-publish format-standard has-post-thumbnail hentry category-non-categorise\" role=\"listitem\">\n\t\t\t\t<a class=\"elementor-post__thumbnail__link\" href=\"https:\/\/www.ogaebelgium.be\/fr\/concert-music-for-hope-70-jaar-eurosong\/\" tabindex=\"-1\" >\n\t\t\t<div class=\"elementor-post__thumbnail\"><img decoding=\"async\" width=\"213\" height=\"300\" src=\"https:\/\/www.ogaebelgium.be\/wp-content\/uploads\/2026\/03\/concert-213x300.jpg\" class=\"attachment-medium size-medium wp-image-3657\" alt=\"de affiche voor het 70-jarig jubileumfeest\" srcset=\"https:\/\/www.ogaebelgium.be\/wp-content\/uploads\/2026\/03\/concert-213x300.jpg 213w, https:\/\/www.ogaebelgium.be\/wp-content\/uploads\/2026\/03\/concert-729x1024.jpg 729w, https:\/\/www.ogaebelgium.be\/wp-content\/uploads\/2026\/03\/concert-768x1079.jpg 768w, https:\/\/www.ogaebelgium.be\/wp-content\/uploads\/2026\/03\/concert.jpg 900w\" sizes=\"(max-width: 213px) 100vw, 213px\" \/><\/div>\n\t\t<\/a>\n\t\t\t\t<div class=\"elementor-post__text\">\n\t\t\t\t<h3 class=\"elementor-post__title\">\n\t\t\t<a href=\"https:\/\/www.ogaebelgium.be\/fr\/concert-music-for-hope-70-jaar-eurosong\/\" >\n\t\t\t\tConcert : Music for Hope &#8211; 70 ans d&rsquo;Eurovision\t\t\t<\/a>\n\t\t<\/h3>\n\t\t\t\t<div class=\"elementor-post__meta-data\">\n\t\t\t\t\t<span class=\"elementor-post-date\">\n\t\t\t16 mars 2026\t\t<\/span>\n\t\t\t\t<\/div>\n\t\t\t\t<\/div>\n\t\t\t\t<\/article>\n\t\t\t\t<article class=\"elementor-post elementor-grid-item post-3547 post type-post status-publish format-standard has-post-thumbnail hentry category-amoureux-de-leurovision tag-amoureux-de-leurovision tag-ogae-fr tag-ogae tag-ogae-belgium-fr tag-ogae-belgium\" role=\"listitem\">\n\t\t\t\t<a class=\"elementor-post__thumbnail__link\" href=\"https:\/\/www.ogaebelgium.be\/fr\/eurovision-lovers-nikki-geerts\/\" tabindex=\"-1\" >\n\t\t\t<div class=\"elementor-post__thumbnail\"><img loading=\"lazy\" decoding=\"async\" width=\"300\" height=\"200\" src=\"https:\/\/www.ogaebelgium.be\/wp-content\/uploads\/2026\/02\/ChatGPT-Image-24-fevr.-2026-16_27_45-300x200.png\" class=\"attachment-medium size-medium wp-image-3537\" alt=\"een groep mensen die dansen voor een bord dat zegt dat Eurovisie van je houdt\" srcset=\"https:\/\/www.ogaebelgium.be\/wp-content\/uploads\/2026\/02\/ChatGPT-Image-24-fevr.-2026-16_27_45-300x200.png 300w, https:\/\/www.ogaebelgium.be\/wp-content\/uploads\/2026\/02\/ChatGPT-Image-24-fevr.-2026-16_27_45-1024x683.png 1024w, https:\/\/www.ogaebelgium.be\/wp-content\/uploads\/2026\/02\/ChatGPT-Image-24-fevr.-2026-16_27_45-768x512.png 768w, https:\/\/www.ogaebelgium.be\/wp-content\/uploads\/2026\/02\/ChatGPT-Image-24-fevr.-2026-16_27_45.png 1536w\" sizes=\"(max-width: 300px) 100vw, 300px\" \/><\/div>\n\t\t<\/a>\n\t\t\t\t<div class=\"elementor-post__text\">\n\t\t\t\t<h3 class=\"elementor-post__title\">\n\t\t\t<a href=\"https:\/\/www.ogaebelgium.be\/fr\/eurovision-lovers-nikki-geerts\/\" >\n\t\t\t\tEurovision Lovers &#8211; Nikki Geerts\t\t\t<\/a>\n\t\t<\/h3>\n\t\t\t\t<div class=\"elementor-post__meta-data\">\n\t\t\t\t\t<span class=\"elementor-post-date\">\n\t\t\t24 f\u00e9vrier 2026\t\t<\/span>\n\t\t\t\t<\/div>\n\t\t\t\t<\/div>\n\t\t\t\t<\/article>\n\t\t\t\t<article class=\"elementor-post elementor-grid-item post-3495 post type-post status-publish format-standard has-post-thumbnail hentry category-non-categorise\" role=\"listitem\">\n\t\t\t\t<a class=\"elementor-post__thumbnail__link\" href=\"https:\/\/www.ogaebelgium.be\/fr\/et-le-candidat-belge-pour-2026-est\/\" tabindex=\"-1\" >\n\t\t\t<div class=\"elementor-post__thumbnail\"><img loading=\"lazy\" decoding=\"async\" width=\"276\" height=\"183\" src=\"https:\/\/www.ogaebelgium.be\/wp-content\/uploads\/2026\/02\/essyla.jpeg\" class=\"attachment-medium size-medium wp-image-3493\" alt=\"de vrouw draagt een blauwe jas\" \/><\/div>\n\t\t<\/a>\n\t\t\t\t<div class=\"elementor-post__text\">\n\t\t\t\t<h3 class=\"elementor-post__title\">\n\t\t\t<a href=\"https:\/\/www.ogaebelgium.be\/fr\/et-le-candidat-belge-pour-2026-est\/\" >\n\t\t\t\tEt la candidate belge pour l&rsquo;Eurovision 2026 est&#8230;\t\t\t<\/a>\n\t\t<\/h3>\n\t\t\t\t<div class=\"elementor-post__meta-data\">\n\t\t\t\t\t<span class=\"elementor-post-date\">\n\t\t\t19 f\u00e9vrier 2026\t\t<\/span>\n\t\t\t\t<\/div>\n\t\t\t\t<\/div>\n\t\t\t\t<\/article>\n\t\t\t\t<\/div>\n\t\t\n\t\t\t\t\t\t<\/div>\n\t\t\t\t<\/div>\n\t\t\t\t<\/div>\n\t\t\t\t\t<\/div>\n\t\t\t\t<\/div>\n\t\t\t\t<\/div>\n\t\t","protected":false},"excerpt":{"rendered":"<p>Fan de l\u2019Eurovision ? Bienvenue chez OGAE Belgium ! Le Concours Eurovision de la chanson est votre plus grande passion<\/p>\n","protected":false},"author":2,"featured_media":0,"parent":843,"menu_order":0,"comment_status":"closed","ping_status":"closed","template":"","meta":{"_acf_changed":false,"_seopress_robots_primary_cat":"","_seopress_titles_title":"OGAE Belgium, le fan club officiel belge de l'Eurovision","_seopress_titles_desc":"D\u00e9couvrez OGAE Belgium et vivez l\u2019Eurovision en tant que vrai fan. D\u00e9couvrez notre mission et comment nous rassemblons les passionn\u00e9s en Belgique.","_seopress_robots_index":"","site-sidebar-layout":"no-sidebar","site-content-layout":"","ast-site-content-layout":"full-width-container","site-content-style":"default","site-sidebar-style":"default","ast-global-header-display":"","ast-banner-title-visibility":"","ast-main-header-display":"","ast-hfb-above-header-display":"","ast-hfb-below-header-display":"","ast-hfb-mobile-header-display":"","site-post-title":"disabled","ast-breadcrumbs-content":"","ast-featured-img":"disabled","footer-sml-layout":"","ast-disable-related-posts":"","theme-transparent-header-meta":"","adv-header-id-meta":"","stick-header-meta":"","header-above-stick-meta":"","header-main-stick-meta":"","header-below-stick-meta":"","astra-migrate-meta-layouts":"default","ast-page-background-enabled":"default","ast-page-background-meta":{"desktop":{"background-color":"var(--ast-global-color-5)","background-image":"","background-repeat":"repeat","background-position":"center center","background-size":"auto","background-attachment":"scroll","background-type":"","background-media":"","overlay-type":"","overlay-color":"","overlay-opacity":"","overlay-gradient":""},"tablet":{"background-color":"","background-image":"","background-repeat":"repeat","background-position":"center center","background-size":"auto","background-attachment":"scroll","background-type":"","background-media":"","overlay-type":"","overlay-color":"","overlay-opacity":"","overlay-gradient":""},"mobile":{"background-color":"","background-image":"","background-repeat":"repeat","background-position":"center center","background-size":"auto","background-attachment":"scroll","background-type":"","background-media":"","overlay-type":"","overlay-color":"","overlay-opacity":"","overlay-gradient":""}},"ast-content-background-meta":{"desktop":{"background-color":"var(--ast-global-color-4)","background-image":"","background-repeat":"repeat","background-position":"center center","background-size":"auto","background-attachment":"scroll","background-type":"","background-media":"","overlay-type":"","overlay-color":"","overlay-opacity":"","overlay-gradient":""},"tablet":{"background-color":"var(--ast-global-color-4)","background-image":"","background-repeat":"repeat","background-position":"center center","background-size":"auto","background-attachment":"scroll","background-type":"","background-media":"","overlay-type":"","overlay-color":"","overlay-opacity":"","overlay-gradient":""},"mobile":{"background-color":"var(--ast-global-color-4)","background-image":"","background-repeat":"repeat","background-position":"center center","background-size":"auto","background-attachment":"scroll","background-type":"","background-media":"","overlay-type":"","overlay-color":"","overlay-opacity":"","overlay-gradient":""}},"footnotes":""},"class_list":["post-577","page","type-page","status-publish","hentry"],"acf":[],"_links":{"self":[{"href":"https:\/\/www.ogaebelgium.be\/fr\/wp-json\/wp\/v2\/pages\/577","targetHints":{"allow":["GET"]}}],"collection":[{"href":"https:\/\/www.ogaebelgium.be\/fr\/wp-json\/wp\/v2\/pages"}],"about":[{"href":"https:\/\/www.ogaebelgium.be\/fr\/wp-json\/wp\/v2\/types\/page"}],"author":[{"embeddable":true,"href":"https:\/\/www.ogaebelgium.be\/fr\/wp-json\/wp\/v2\/users\/2"}],"replies":[{"embeddable":true,"href":"https:\/\/www.ogaebelgium.be\/fr\/wp-json\/wp\/v2\/comments?post=577"}],"version-history":[{"count":31,"href":"https:\/\/www.ogaebelgium.be\/fr\/wp-json\/wp\/v2\/pages\/577\/revisions"}],"predecessor-version":[{"id":2174,"href":"https:\/\/www.ogaebelgium.be\/fr\/wp-json\/wp\/v2\/pages\/577\/revisions\/2174"}],"up":[{"embeddable":true,"href":"https:\/\/www.ogaebelgium.be\/fr\/wp-json\/wp\/v2\/pages\/843"}],"wp:attachment":[{"href":"https:\/\/www.ogaebelgium.be\/fr\/wp-json\/wp\/v2\/media?parent=577"}],"curies":[{"name":"wp","href":"https:\/\/api.w.org\/{rel}","templated":true}]}}